{"id":1754,"date":"2024-05-10T18:13:57","date_gmt":"2024-05-10T16:13:57","guid":{"rendered":"https:\/\/app.ecciproject.eu\/privacy-policy\/"},"modified":"2024-11-15T13:56:48","modified_gmt":"2024-11-15T12:56:48","slug":"privacy-policy","status":"publish","type":"page","link":"https:\/\/app.ecciproject.eu\/it\/privacy-policy\/","title":{"rendered":"Privacy Policy"},"content":{"rendered":"\n<p>Questa Politica sulla Privacy si applica ai dati personali trattati dalla piattaforma di e-learning disponibile su https:\/\/app.ecciproject.eu, nell&#8217;ambito del progetto ECCI sviluppato dalla Universit\u00e0 Politecnica delle Marche. \u00c8 necessario registrarsi sulla piattaforma per accedere e giocare al gioco digitale ospitato su https:\/\/game.ecciproject.eu utilizzando le stesse credenziali, nonch\u00e9 per accedere all&#8217;area privata della piattaforma. L&#8217;area privata \u00e8 comune sia per insegnanti che per studenti, che vengono considerati come la stessa categoria di utenti. Ogni utente pu\u00f2 agire come insegnante creando una classe nell&#8217;area privata, generando e condividendo un codice casuale, oppure come giocatore aggiungendo un codice di classe fornito dall&#8217;insegnante al proprio profilo.   <\/p>\n\n<p>Queste informazioni sono fornite a tutti gli utenti del nostro sito web, anche ai sensi del Regolamento Europeo n. 679\/2016 (di seguito \u201cGDPR\u201d) e del Decreto Legislativo Italiano 196\/2003, successivamente modificato e integrato. Le informazioni qui presentate si riferiscono esclusivamente a questo sito web e non ad altri siti che potrebbero essere visitati tramite link presenti in questo sito, per i quali \u00e8 necessario fare riferimento alle rispettive informative sulla privacy. <\/p>\n\n<p>I dati personali sono conservati su server situati all&#8217;interno dell&#8217;Unione Europea, e sono gestiti esclusivamente da dipendenti e collaboratori autorizzati a tale scopo, o da persone incaricate di svolgere operazioni di manutenzione occasionale.<\/p>\n\n<h2 class=\"wp-block-heading\">Responsabile del trattamento dei dati:<\/h2>\n\n<p>Universit\u00e0 Politecnica delle Marche<br\/>Responsabile per il trattamento dei dati: Rocco Pietrini<br\/>Contact Email: r.pietrini &lt;AT&gt; staff.univpm.it<\/p>\n\n<h2 class=\"wp-block-heading\">Quali informazioni raccogliamo?<\/h2>\n\n<p>Raccogliamo le seguenti informazioni personali al momento della registrazione sulla nostra piattaforma:<\/p>\n\n<ul class=\"wp-block-list\">\n<li>Nome<\/li>\n\n\n\n<li>Cognome<\/li>\n\n\n\n<li>Indirizzo Email<\/li>\n\n\n\n<li>Paese<\/li>\n\n\n\n<li>Genere (non obbligatorio)<\/li>\n\n\n\n<li>Nome utente<\/li>\n\n\n\n<li>Consenso per essere contattato per sondaggi e interviste per aiutarci a migliorare i nostri servizi.<\/li>\n<\/ul>\n\n<p>Inoltre, ai fini delle statistiche di utilizzo da riportare come risultati del progetto, raccogliamo temporaneamente il tuo indirizzo IP e le informazioni sull&#8217;agente utente del browser. Questi dati saranno raccolti e conservati solo fino a febbraio 2025. Dopo tale periodo, i dati saranno eliminati definitivamente e non saranno pi\u00f9 raccolti dai nuovi utenti.<\/p>\n\n<h2 class=\"wp-block-heading\">Requisito di et\u00e0 minima:<\/h2>\n\n<p>Gli utenti devono avere almeno 13 anni per registrarsi su app.ecciproject.eu. Fornendo i tuoi dati personali, confermi di soddisfare questo requisito di et\u00e0.<\/p>\n\n<h2 class=\"wp-block-heading\">Codice Classe:<\/h2>\n\n<p>Se utilizzi un codice di classe per iscriverti a una classe, i tuoi dati personali (Nome, Cognome, Indirizzo Email e Nome Utente) saranno visualizzati in modalit\u00e0 di sola lettura dal creatore della classe associata al codice di classe.<\/p>\n\n<h2 class=\"wp-block-heading\">I tuoi diritti:<\/h2>\n\n<p>Hai il diritto di accedere, correggere o eliminare i tuoi dati personali in qualsiasi momento. Questi diritti possono essere esercitati tramite la sezione account della nostra piattaforma dopo aver effettuato l&#8217;accesso.<\/p>\n\n<h2 class=\"wp-block-heading\">Politica di Non Utilizzo dei Cookie:<\/h2>\n\n<p>La nostra piattaforma non utilizza cookie. Non raccogliamo alcun dato tramite cookie.<\/p>\n\n<h2 class=\"wp-block-heading\">Sicurezza dei dati:<\/h2>\n\n<p>Implementiamo misure tecniche e organizzative adeguate per proteggere i tuoi dati personali da trattamenti non autorizzati o illegali, perdita accidentale, distruzione o danni.<\/p>\n\n<h2 class=\"wp-block-heading\">Contattaci:<\/h2>\n\n<p>Se hai domande su questa politica sulla privacy o sulla protezione dei tuoi dati personali, ti preghiamo di contattare Rocco Pietrini utilizzando i dettagli forniti sopra.<\/p>\n\n<p><strong>Ultimo aggiornamento: 02\/08\/2024<\/strong><\/p>\n","protected":false},"excerpt":{"rendered":"<p>Questa Politica sulla Privacy si applica ai dati personali trattati dalla piattaforma di e-learning disponibile su https:\/\/app.ecciproject.eu, nell&#8217;ambito del progetto ECCI sviluppato dalla Universit\u00e0 Politecnica delle Marche. \u00c8 necessario registrarsi sulla piattaforma per accedere e giocare al gioco digitale ospitato su https:\/\/game.ecciproject.eu utilizzando le stesse credenziali, nonch\u00e9 per accedere all&#8217;area privata della piattaforma. L&#8217;area privata [&hellip;]<\/p>\n","protected":false},"author":1,"featured_media":0,"parent":0,"menu_order":0,"comment_status":"closed","ping_status":"closed","template":"","meta":{"footnotes":""},"class_list":["post-1754","page","type-page","status-publish","hentry"],"acf":[],"_links":{"self":[{"href":"https:\/\/app.ecciproject.eu\/it\/wp-json\/wp\/v2\/pages\/1754","targetHints":{"allow":["GET"]}}],"collection":[{"href":"https:\/\/app.ecciproject.eu\/it\/wp-json\/wp\/v2\/pages"}],"about":[{"href":"https:\/\/app.ecciproject.eu\/it\/wp-json\/wp\/v2\/types\/page"}],"author":[{"embeddable":true,"href":"https:\/\/app.ecciproject.eu\/it\/wp-json\/wp\/v2\/users\/1"}],"replies":[{"embeddable":true,"href":"https:\/\/app.ecciproject.eu\/it\/wp-json\/wp\/v2\/comments?post=1754"}],"version-history":[{"count":1,"href":"https:\/\/app.ecciproject.eu\/it\/wp-json\/wp\/v2\/pages\/1754\/revisions"}],"predecessor-version":[{"id":1755,"href":"https:\/\/app.ecciproject.eu\/it\/wp-json\/wp\/v2\/pages\/1754\/revisions\/1755"}],"wp:attachment":[{"href":"https:\/\/app.ecciproject.eu\/it\/wp-json\/wp\/v2\/media?parent=1754"}],"curies":[{"name":"wp","href":"https:\/\/api.w.org\/{rel}","templated":true}]}}