{"id":1753,"date":"2024-01-25T17:52:09","date_gmt":"2024-01-25T16:52:09","guid":{"rendered":"https:\/\/app.ecciproject.eu\/registrazione\/"},"modified":"2024-11-18T11:06:24","modified_gmt":"2024-11-18T10:06:24","slug":"registrazione","status":"publish","type":"page","link":"https:\/\/app.ecciproject.eu\/it\/registrazione\/","title":{"rendered":"Registrazione"},"content":{"rendered":"\n<div class=\"um um-register um-1812\">\n\t<div class=\"um-form\" data-mode=\"register\">\n\t\t<form method=\"post\" action=\"\">\n\t\t\t<div class=\"um-row _um_row_1 \" style=\"margin: 0 0 30px 0;\"><div class=\"um-col-1\"><div  id=\"um_field_1812_user_login\" class=\"um-field um-field-text  um-field-user_login um-field-text um-field-type_text\" data-key=\"user_login\"><div class=\"um-field-label\"><label for=\"user_login-1812\">Nome utente<\/label><div class=\"um-clear\"><\/div><\/div><div class=\"um-field-area\"><input  autocomplete=\"off\" class=\"um-form-field valid \" type=\"text\" name=\"user_login-1812\" id=\"user_login-1812\" value=\"\" placeholder=\"\" data-validate=\"unique_username\" data-key=\"user_login\"  aria-invalid=\"false\" \/>\n\n\t\t\t\t\t\t<\/div><\/div><div  id=\"um_field_1812_first_name\" class=\"um-field um-field-text  um-field-first_name um-field-text um-field-type_text\" data-key=\"first_name\"><div class=\"um-field-label\"><label for=\"first_name-1812\">Nome<\/label><div class=\"um-clear\"><\/div><\/div><div class=\"um-field-area\"><input  autocomplete=\"off\" class=\"um-form-field valid not-required \" type=\"text\" name=\"first_name-1812\" id=\"first_name-1812\" value=\"\" placeholder=\"\" data-validate=\"\" data-key=\"first_name\"  aria-invalid=\"false\" \/>\n\n\t\t\t\t\t\t<\/div><\/div><div  id=\"um_field_1812_last_name\" class=\"um-field um-field-text  um-field-last_name um-field-text um-field-type_text\" data-key=\"last_name\"><div class=\"um-field-label\"><label for=\"last_name-1812\">Cognome<\/label><div class=\"um-clear\"><\/div><\/div><div class=\"um-field-area\"><input  autocomplete=\"off\" class=\"um-form-field valid not-required \" type=\"text\" name=\"last_name-1812\" id=\"last_name-1812\" value=\"\" placeholder=\"\" data-validate=\"\" data-key=\"last_name\"  aria-invalid=\"false\" \/>\n\n\t\t\t\t\t\t<\/div><\/div><div  id=\"um_field_1812_Country\" class=\"um-field um-field-select  um-field-Country um-field-select um-field-type_select\" data-key=\"Country\"><div class=\"um-field-label\"><label for=\"Country-1812\">Paese<\/label><div class=\"um-clear\"><\/div><\/div><div class=\"um-field-area  \"><select data-default=\"\"     name=\"Country\" id=\"Country\" data-validate=\"\" data-key=\"Country\" class=\"um-form-field valid not-required um-s1 \" style=\"width: 100%\" data-placeholder=\"\"   aria-invalid=\"false\" ><option value=\"\"><\/option><option value=\"Austria\" >Austria<\/option><option value=\"Belgium\" >Belgium<\/option><option value=\"Bulgaria\" >Bulgaria<\/option><option value=\"Croatia\" >Croatia<\/option><option value=\"Republic of Cyprus\" >Republic of Cyprus<\/option><option value=\"Czech Republic\" >Czech Republic<\/option><option value=\"Denmark\" >Denmark<\/option><option value=\"Estonia\" >Estonia<\/option><option value=\"Finland\" >Finland<\/option><option value=\"France\" >France<\/option><option value=\"Germany\" >Germany<\/option><option value=\"Greece\" >Greece<\/option><option value=\"Hungary\" >Hungary<\/option><option value=\"Ireland\" >Ireland<\/option><option value=\"Italia\" >Italia<\/option><option value=\"Latvia\" >Latvia<\/option><option value=\"Lithuania\" >Lithuania<\/option><option value=\"Luxembourg\" >Luxembourg<\/option><option value=\"Malta\" >Malta<\/option><option value=\"Netherlands\" >Netherlands<\/option><option value=\"Poland\" >Poland<\/option><option value=\"Portugal\" >Portugal<\/option><option value=\"Romania\" >Romania<\/option><option value=\"Slovakia\" >Slovakia<\/option><option value=\"Slovenia\" >Slovenia<\/option><option value=\"Spain\" >Spain<\/option><option value=\"Sweden\" >Sweden<\/option><\/select><\/div><\/div><div  id=\"um_field_1812_user_email\" class=\"um-field um-field-text  um-field-user_email um-field-text um-field-type_text\" data-key=\"user_email\"><div class=\"um-field-label\"><label for=\"user_email-1812\">Indirizzo E-mail<\/label><div class=\"um-clear\"><\/div><\/div><div class=\"um-field-area\"><input  autocomplete=\"off\" class=\"um-form-field valid not-required \" type=\"text\" name=\"user_email-1812\" id=\"user_email-1812\" value=\"\" placeholder=\"\" data-validate=\"unique_email\" data-key=\"user_email\"  aria-invalid=\"false\" \/>\n\n\t\t\t\t\t\t<\/div><\/div><div  id=\"um_field_1812_user_password\" class=\"um-field um-field-password  um-field-user_password um-field-password um-field-type_password\" data-key=\"user_password\"><div class=\"um-field-label\"><label for=\"user_password-1812\">Password<\/label><div class=\"um-clear\"><\/div><\/div><div class=\"um-field-area\"><input class=\"um-form-field valid \" type=\"password\" name=\"user_password-1812\" id=\"user_password-1812\" value=\"\" placeholder=\"\" data-validate=\"\" data-key=\"user_password\"  aria-invalid=\"false\" \/>\n\n\t\t\t\t\t\t\t<\/div><\/div><div  id=\"um_field_1812_confirm_user_password\" class=\"um-field um-field-password  um-field-user_password um-field-password um-field-type_password\" data-key=\"confirm_user_password\"><div class=\"um-field-label\"><label for=\"confirm_user_password-1812\">Conferma Password<\/label><div class=\"um-clear\"><\/div><\/div><div class=\"um-field-area\"><input class=\"um-form-field valid \" type=\"password\" name=\"confirm_user_password-1812\" id=\"confirm_user_password-1812\" value=\"\" placeholder=\"Conferma Password\" data-validate=\"\" data-key=\"confirm_user_password\"  aria-invalid=\"false\" \/><\/div><\/div><div  id=\"um_field_1812_survey\" class=\"um-field um-field-checkbox  um-field-survey um-field-checkbox um-field-type_checkbox\" data-key=\"survey\"  aria-invalid=\"false\" ><div class=\"um-field-label\"><label for=\"survey-1812\">Selezionando questa casella, accetti di essere contattato per sondaggi e interviste al fine di aiutarci a migliorare la nostra iniziativa.<\/label><div class=\"um-clear\"><\/div><\/div><div class=\"um-field-area\"><label class=\"um-field-checkbox  um-field-half \"><input   type=\"checkbox\" name=\"survey[]\" value=\"S\u00ec, sono d&#039;accordo\"  \/><span class=\"um-field-checkbox-state\"><i class=\"um-icon-android-checkbox-outline-blank\"><\/i><\/span><span class=\"um-field-checkbox-option\">S\u00ec, sono d&#039;accordo<\/span><\/label><div class=\"um-clear\"><\/div><\/div><\/div><\/div><\/div>\n<!-- This file should primarily consist of HTML with a little bit of PHP. -->\n<div class=\"um-field um-field-type_terms_conditions\" data-key=\"use_terms_conditions_agreement\" style=\"display:block;padding:0;\">\n\t<div class=\"um-field-area\">\n\t\t<div class=\"um-gdpr-content\" style=\"display:none;\">\n\t\t\t\n<p>Questa Politica sulla Privacy si applica ai dati personali trattati dalla piattaforma di e-learning disponibile su https:\/\/app.ecciproject.eu, nell&#8217;ambito del progetto ECCI sviluppato dalla Universit\u00e0 Politecnica delle Marche. \u00c8 necessario registrarsi sulla piattaforma per accedere e giocare al gioco digitale ospitato su https:\/\/game.ecciproject.eu utilizzando le stesse credenziali, nonch\u00e9 per accedere all&#8217;area privata della piattaforma. L&#8217;area privata \u00e8 comune sia per insegnanti che per studenti, che vengono considerati come la stessa categoria di utenti. Ogni utente pu\u00f2 agire come insegnante creando una classe nell&#8217;area privata, generando e condividendo un codice casuale, oppure come giocatore aggiungendo un codice di classe fornito dall&#8217;insegnante al proprio profilo.   <\/p>\n\n<p>Queste informazioni sono fornite a tutti gli utenti del nostro sito web, anche ai sensi del Regolamento Europeo n. 679\/2016 (di seguito \u201cGDPR\u201d) e del Decreto Legislativo Italiano 196\/2003, successivamente modificato e integrato. Le informazioni qui presentate si riferiscono esclusivamente a questo sito web e non ad altri siti che potrebbero essere visitati tramite link presenti in questo sito, per i quali \u00e8 necessario fare riferimento alle rispettive informative sulla privacy. <\/p>\n\n<p>I dati personali sono conservati su server situati all&#8217;interno dell&#8217;Unione Europea, e sono gestiti esclusivamente da dipendenti e collaboratori autorizzati a tale scopo, o da persone incaricate di svolgere operazioni di manutenzione occasionale.<\/p>\n\n<h2 class=\"wp-block-heading\">Responsabile del trattamento dei dati:<\/h2>\n\n<p>Universit\u00e0 Politecnica delle Marche<br\/>Responsabile per il trattamento dei dati: Rocco Pietrini<br\/>Contact Email: r.pietrini &lt;AT&gt; staff.univpm.it<\/p>\n\n<h2 class=\"wp-block-heading\">Quali informazioni raccogliamo?<\/h2>\n\n<p>Raccogliamo le seguenti informazioni personali al momento della registrazione sulla nostra piattaforma:<\/p>\n\n<ul class=\"wp-block-list\">\n<li>Nome<\/li>\n\n\n\n<li>Cognome<\/li>\n\n\n\n<li>Indirizzo Email<\/li>\n\n\n\n<li>Paese<\/li>\n\n\n\n<li>Genere (non obbligatorio)<\/li>\n\n\n\n<li>Nome utente<\/li>\n\n\n\n<li>Consenso per essere contattato per sondaggi e interviste per aiutarci a migliorare i nostri servizi.<\/li>\n<\/ul>\n\n<p>Inoltre, ai fini delle statistiche di utilizzo da riportare come risultati del progetto, raccogliamo temporaneamente il tuo indirizzo IP e le informazioni sull&#8217;agente utente del browser. Questi dati saranno raccolti e conservati solo fino a febbraio 2025. Dopo tale periodo, i dati saranno eliminati definitivamente e non saranno pi\u00f9 raccolti dai nuovi utenti.<\/p>\n\n<h2 class=\"wp-block-heading\">Requisito di et\u00e0 minima:<\/h2>\n\n<p>Gli utenti devono avere almeno 13 anni per registrarsi su app.ecciproject.eu. Fornendo i tuoi dati personali, confermi di soddisfare questo requisito di et\u00e0.<\/p>\n\n<h2 class=\"wp-block-heading\">Codice Classe:<\/h2>\n\n<p>Se utilizzi un codice di classe per iscriverti a una classe, i tuoi dati personali (Nome, Cognome, Indirizzo Email e Nome Utente) saranno visualizzati in modalit\u00e0 di sola lettura dal creatore della classe associata al codice di classe.<\/p>\n\n<h2 class=\"wp-block-heading\">I tuoi diritti:<\/h2>\n\n<p>Hai il diritto di accedere, correggere o eliminare i tuoi dati personali in qualsiasi momento. Questi diritti possono essere esercitati tramite la sezione account della nostra piattaforma dopo aver effettuato l&#8217;accesso.<\/p>\n\n<h2 class=\"wp-block-heading\">Politica di Non Utilizzo dei Cookie:<\/h2>\n\n<p>La nostra piattaforma non utilizza cookie. Non raccogliamo alcun dato tramite cookie.<\/p>\n\n<h2 class=\"wp-block-heading\">Sicurezza dei dati:<\/h2>\n\n<p>Implementiamo misure tecniche e organizzative adeguate per proteggere i tuoi dati personali da trattamenti non autorizzati o illegali, perdita accidentale, distruzione o danni.<\/p>\n\n<h2 class=\"wp-block-heading\">Contattaci:<\/h2>\n\n<p>Se hai domande su questa politica sulla privacy o sulla protezione dei tuoi dati personali, ti preghiamo di contattare Rocco Pietrini utilizzando i dettagli forniti sopra.<\/p>\n\n<p><strong>Ultimo aggiornamento: 02\/08\/2024<\/strong><\/p>\n\t\t<\/div>\n\n\t\t\n\t\t<a href=\"javascript:void(0);\" class=\"um-toggle-gdpr\" data-toggle-state=\"hidden\"\n\t\t   data-toggle-show=\"Mostra l&#039;informativa privacy\"\n\t\t   data-toggle-hide=\"Nascondi l&#039;informativa privacy\">\n\t\t\tMostra l&#039;informativa privacy\t\t<\/a>\n\t<\/div>\n\t<div class=\"um-field-area\">\n\n\t\t\n\t\t<label class=\"um-field-checkbox\">\n\t\t\t<input type=\"checkbox\" name=\"use_gdpr_agreement\" value=\"1\">\n\t\t\t<span class=\"um-field-checkbox-state\"><i class=\"um-icon-android-checkbox-outline-blank\"><\/i><\/span>\n\t\t\t<span class=\"um-field-checkbox-option\">Conferma di accettare la nostra informativa sulla privacy.<\/span>\n\t\t<\/label>\n\t\t<div class=\"um-clear\"><\/div>\n\n\t\t\n\t\t<div class=\"um-clear\"><\/div>\n\t<\/div>\n<\/div>\n\t\t<input type=\"hidden\" name=\"form_id\" id=\"form_id_1812\" value=\"1812\" \/>\n\t\n\t<p class=\"um_request_name\">\n\t\t<label for=\"um_request_1812\">Only fill in if you are not human<\/label>\n\t\t<input type=\"hidden\" name=\"um_request\" id=\"um_request_1812\" class=\"input\" value=\"\" size=\"25\" autocomplete=\"off\" \/>\n\t<\/p>\n\n\t<input type=\"hidden\" id=\"_wpnonce\" name=\"_wpnonce\" value=\"4666592d65\" \/><input type=\"hidden\" name=\"_wp_http_referer\" value=\"\/it\/wp-json\/wp\/v2\/pages\/1753\" \/>\n\t<div class=\"um-col-alt\">\n\n\t\t\n\t\t\t<div class=\"um-center\">\n\t\t\t\t<input type=\"submit\" value=\"Registrati\" class=\"um-button\" id=\"um-submit-btn\" \/>\n\t\t\t<\/div>\n\n\t\t\n\t\t<div class=\"um-clear\"><\/div>\n\n\t<\/div>\n\n\t\t\t<\/form>\n\t<\/div>\n<\/div>\n<style>\n\t\t\t.um-1812.um {\n\t\t\tmax-width: 450px;\n\t\t}\n\t\t<\/style>\n\n","protected":false},"excerpt":{"rendered":"","protected":false},"author":1,"featured_media":0,"parent":0,"menu_order":0,"comment_status":"closed","ping_status":"closed","template":"","meta":{"footnotes":""},"class_list":["post-1753","page","type-page","status-publish","hentry"],"acf":[],"_links":{"self":[{"href":"https:\/\/app.ecciproject.eu\/it\/wp-json\/wp\/v2\/pages\/1753","targetHints":{"allow":["GET"]}}],"collection":[{"href":"https:\/\/app.ecciproject.eu\/it\/wp-json\/wp\/v2\/pages"}],"about":[{"href":"https:\/\/app.ecciproject.eu\/it\/wp-json\/wp\/v2\/types\/page"}],"author":[{"embeddable":true,"href":"https:\/\/app.ecciproject.eu\/it\/wp-json\/wp\/v2\/users\/1"}],"replies":[{"embeddable":true,"href":"https:\/\/app.ecciproject.eu\/it\/wp-json\/wp\/v2\/comments?post=1753"}],"version-history":[{"count":1,"href":"https:\/\/app.ecciproject.eu\/it\/wp-json\/wp\/v2\/pages\/1753\/revisions"}],"predecessor-version":[{"id":1816,"href":"https:\/\/app.ecciproject.eu\/it\/wp-json\/wp\/v2\/pages\/1753\/revisions\/1816"}],"wp:attachment":[{"href":"https:\/\/app.ecciproject.eu\/it\/wp-json\/wp\/v2\/media?parent=1753"}],"curies":[{"name":"wp","href":"https:\/\/api.w.org\/{rel}","templated":true}]}}