{"id":2088,"date":"2024-04-18T20:35:56","date_gmt":"2024-04-18T18:35:56","guid":{"rendered":"https:\/\/app.ecciproject.eu\/bienvenue-sur-la-plateforme-ecci\/"},"modified":"2025-03-09T19:03:51","modified_gmt":"2025-03-09T18:03:51","slug":"bienvenue-sur-la-plateforme-ecci","status":"publish","type":"page","link":"https:\/\/app.ecciproject.eu\/fr\/","title":{"rendered":"Bienvenue sur la plateforme ECCI!"},"content":{"rendered":"\n<div class=\"wp-block-group alignwide is-layout-flow wp-block-group-is-layout-flow\">\n<p class=\"has-text-align-center\"><strong>Gr\u00e2ce \u00e0 la plateforme, vous pouvez acc\u00e9der aux jeux et y jouer gratuitement, en formats papier et num\u00e9rique. Destin\u00e9s aux 13-18 ans, les jeux sensibilisent aux solutions contre le changement climatique dans les villes, en se concentrant sur les espaces verts, la mobilit\u00e9 et le logement. Sur chaque page, vous trouverez du mat\u00e9riel p\u00e9dagogique pour vous aider \u00e0 pr\u00e9parer le jeu et \u00e0 r\u00e9fl\u00e9chir et revenir sur votre exp\u00e9rience.<\/strong><\/p>\n\n\n\n<p class=\"has-text-align-center\">Pour plus de d\u00e9tails, veuillez consulter les pages d\u00e9di\u00e9es.<\/p>\n\n\n\n<div style=\"margin-top:0;margin-bottom:0;height:56px\" aria-hidden=\"true\" class=\"wp-block-spacer\"><\/div>\n<\/div>\n\n<div class=\"wp-block-columns alignwide is-layout-flex wp-container-core-columns-is-layout-28f84493 wp-block-columns-is-layout-flex\">\n<div class=\"wp-block-column is-layout-flow wp-block-column-is-layout-flow\"><\/div>\n\n\n\n<div class=\"wp-block-column is-layout-flow wp-block-column-is-layout-flow\">\n<p class=\"has-text-align-center videotitle has-large-font-size\"><strong> Jouez!<\/strong><\/p>\n<\/div>\n\n\n\n<div class=\"wp-block-column is-layout-flow wp-block-column-is-layout-flow\"><\/div>\n<\/div>\n\n<div style=\"height:25px\" aria-hidden=\"true\" class=\"wp-block-spacer\"><\/div>\n\n<div class=\"wp-block-columns alignwide is-layout-flex wp-container-core-columns-is-layout-28f84493 wp-block-columns-is-layout-flex\">\n<div class=\"wp-block-column is-vertically-aligned-center is-layout-flow wp-block-column-is-layout-flow\">\n<figure class=\"wp-block-image aligncenter size-large\"><a href=\"https:\/\/app.ecciproject.eu\/fr\/jeu-sur-papier\/\"><img loading=\"lazy\" decoding=\"async\" width=\"1024\" height=\"512\" src=\"https:\/\/app.ecciproject.eu\/wp-content\/uploads\/2024\/07\/physical-e1721647247282-1024x512.jpg\" alt=\"\" class=\"wp-image-853\" srcset=\"https:\/\/app.ecciproject.eu\/wp-content\/uploads\/2024\/07\/physical-e1721647247282-1024x512.jpg 1024w, https:\/\/app.ecciproject.eu\/wp-content\/uploads\/2024\/07\/physical-e1721647247282-300x150.jpg 300w, https:\/\/app.ecciproject.eu\/wp-content\/uploads\/2024\/07\/physical-e1721647247282-768x384.jpg 768w, https:\/\/app.ecciproject.eu\/wp-content\/uploads\/2024\/07\/physical-e1721647247282.jpg 1442w\" sizes=\"auto, (max-width: 1024px) 100vw, 1024px\" \/><\/a><\/figure>\n\n\n\n<p class=\"has-text-align-center has-large-font-size\"><a href=\"https:\/\/app.ecciproject.eu\/fr\/jeu-sur-papier\/\" data-type=\"page\" data-id=\"139\">Jeu sur papier<\/a><\/p>\n<\/div>\n\n\n\n<div class=\"wp-block-column is-vertically-aligned-center is-layout-flow wp-block-column-is-layout-flow\">\n<figure class=\"wp-block-image aligncenter size-large\"><a href=\"https:\/\/app.ecciproject.eu\/fr\/jeu-numerique-2\/\"><img loading=\"lazy\" decoding=\"async\" width=\"1024\" height=\"512\" src=\"https:\/\/app.ecciproject.eu\/wp-content\/uploads\/2024\/07\/digital-1024x512.png\" alt=\"\" class=\"wp-image-858\" srcset=\"https:\/\/app.ecciproject.eu\/wp-content\/uploads\/2024\/07\/digital-1024x512.png 1024w, https:\/\/app.ecciproject.eu\/wp-content\/uploads\/2024\/07\/digital-300x150.png 300w, https:\/\/app.ecciproject.eu\/wp-content\/uploads\/2024\/07\/digital-768x384.png 768w, https:\/\/app.ecciproject.eu\/wp-content\/uploads\/2024\/07\/digital.png 1440w\" sizes=\"auto, (max-width: 1024px) 100vw, 1024px\" \/><\/a><\/figure>\n\n\n\n<p class=\"has-text-align-center has-large-font-size\"><a href=\"https:\/\/app.ecciproject.eu\/fr\/jeu-numerique-2\/\" data-type=\"page\" data-id=\"76\">Jeu num\u00e9rique<\/a><\/p>\n<\/div>\n<\/div>\n\n<div class=\"wp-block-columns alignwide is-layout-flex wp-container-core-columns-is-layout-28f84493 wp-block-columns-is-layout-flex\">\n<div class=\"wp-block-column is-layout-flow wp-block-column-is-layout-flow\">\n<ul class=\"wp-block-list\">\n<li>Interaction physique avec les mat\u00e9riaux de jeu<\/li>\n\n\n\n<li>Jeu en groupe (3 \u00e0 5 personnes)<\/li>\n\n\n\n<li>Mat\u00e9riaux papier imprim\u00e9s requis<\/li>\n\n\n\n<li>N\u00e9cessite une pr\u00e9sence physique et un animateur de jeu<\/li>\n\n\n\n<li>Public cible: \u00e9l\u00e8ves \u00e2g\u00e9s de 13 \u00e0 18 ans<\/li>\n\n\n\n<li>Accent mis sur la collaboration et la discussion<\/li>\n\n\n\n<li>Structure modulaire<\/li>\n\n\n\n<li>45 minutes de temps de jeu (excluant la pr\u00e9paration et le d\u00e9briefing)<\/li>\n<\/ul>\n<\/div>\n\n\n\n<div class=\"wp-block-column is-layout-flow wp-block-column-is-layout-flow\">\n<ul class=\"wp-block-list\">\n<li>Interface utilisateur visuelle, bas\u00e9e sur le web<\/li>\n\n\n\n<li>Mode solo<\/li>\n\n\n\n<li>Aucun mat\u00e9riel physique, enti\u00e8rement num\u00e9rique<\/li>\n\n\n\n<li>Peut \u00eatre jou\u00e9 sur divers appareils<\/li>\n\n\n\n<li>Public cible: \u00e9l\u00e8ves \u00e2g\u00e9s de 13 \u00e0 18 ans<\/li>\n\n\n\n<li>Accent mis sur l&#8217;apprentissage individuel et la r\u00e9solution de probl\u00e8mes<\/li>\n\n\n\n<li>Structure s\u00e9quentielle (les niveaux doivent \u00eatre jou\u00e9s dans l&#8217;ordre)<\/li>\n\n\n\n<li>30 \u00e0 90 minutes de temps de jeu (excluant la pr\u00e9paration et le d\u00e9briefing)<\/li>\n<\/ul>\n<\/div>\n<\/div>\n\n<p class=\"has-text-align-center videotitle\" style=\"margin-top:var(--wp--preset--spacing--40);margin-bottom:var(--wp--preset--spacing--40)\">Nos Voix, Notre Mission : Perspectives des Contributeurs d&#8217;ECCI<\/p>\n\n<div class=\"wp-block-columns alignwide is-layout-flex wp-container-core-columns-is-layout-e0e4babd wp-block-columns-is-layout-flex\" style=\"border-style:none;border-width:0px;padding-right:0;padding-left:0\">\n<div class=\"wp-block-column is-layout-flow wp-block-column-is-layout-flow\">\n<figure style=\"margin-right:0;margin-left:0;padding-right:0;padding-left:0\" class=\"wp-block-video\"><video height=\"720\" style=\"aspect-ratio: 1280 \/ 720;\" width=\"1280\" controls=\"\" poster=\"https:\/\/app.ecciproject.eu\/wp-content\/uploads\/2024\/11\/vlcsnap-2024-11-21-09h56m09s805.png\" preload=\"auto\" src=\"https:\/\/app.ecciproject.eu\/wp-content\/uploads\/2024\/11\/video1462712830.mp4\"><\/video><\/figure>\n<\/div>\n\n\n\n<div class=\"wp-block-column is-layout-flow wp-block-column-is-layout-flow\">\n<figure class=\"wp-block-video\"><video height=\"720\" style=\"aspect-ratio: 1280 \/ 720;\" width=\"1280\" controls=\"\" poster=\"https:\/\/app.ecciproject.eu\/wp-content\/uploads\/2024\/11\/vlcsnap-2024-11-21-09h56m28s890.png\" src=\"https:\/\/app.ecciproject.eu\/wp-content\/uploads\/2024\/11\/Escape-Climate-Change-Iniciative-interview-Anoop.mp4\"><\/video><\/figure>\n<\/div>\n\n\n\n<div class=\"wp-block-column is-layout-flow wp-block-column-is-layout-flow\">\n<figure class=\"wp-block-video\"><video height=\"360\" style=\"aspect-ratio: 640 \/ 360;\" width=\"640\" controls=\"\" poster=\"https:\/\/app.ecciproject.eu\/wp-content\/uploads\/2024\/11\/vlcsnap-2024-11-21-09h57m11s545.png\" src=\"https:\/\/app.ecciproject.eu\/wp-content\/uploads\/2024\/11\/GMT20241003-080030_Recording_640x360.mp4\"><\/video><\/figure>\n<\/div>\n<\/div>\n\n<p class=\"has-text-align-center videotitle\">Comment mettre en \u0153uvre l\u2019ambition d\u2019ECCI <a href=\"https:\/\/app.ecciproject.eu\/wp-content\/uploads\/2025\/03\/Comment-mettre-en-oeuvre-lambition-dECCI.pdf\"> PDF <\/a> | <a href=\"https:\/\/app.ecciproject.eu\/wp-content\/uploads\/2025\/03\/Comment-mettre-en-oeuvre-lambition-dECCI.docx\"> DOCX <\/a><\/p>\n\n<p class=\"has-text-align-center videotitle\"><a href=\"https:\/\/forms.gle\/5D94tme5tp7BXvtp6\" data-type=\"link\" data-id=\"https:\/\/forms.gle\/5D94tme5tp7BXvtp6\">Donnez-nous votre avis !<\/a><\/p>\n\n<p class=\"has-text-align-center videotitle\"><a href=\"https:\/\/www.ecciproject.eu\/?lang=fr#contact-ecci\">Nous contacter!<\/a><\/p>\n\n<p><\/p>\n","protected":false},"excerpt":{"rendered":"<p>Gr\u00e2ce \u00e0 la plateforme, vous pouvez acc\u00e9der aux jeux et y jouer gratuitement, en formats papier et num\u00e9rique. Destin\u00e9s aux 13-18 ans, les jeux sensibilisent aux solutions contre le changement climatique dans les villes, en se concentrant sur les espaces verts, la mobilit\u00e9 et le logement. Sur chaque page, vous trouverez du mat\u00e9riel p\u00e9dagogique pour [&hellip;]<\/p>\n","protected":false},"author":1,"featured_media":0,"parent":0,"menu_order":0,"comment_status":"closed","ping_status":"closed","template":"","meta":{"footnotes":""},"class_list":["post-2088","page","type-page","status-publish","hentry"],"acf":[],"_links":{"self":[{"href":"https:\/\/app.ecciproject.eu\/fr\/wp-json\/wp\/v2\/pages\/2088","targetHints":{"allow":["GET"]}}],"collection":[{"href":"https:\/\/app.ecciproject.eu\/fr\/wp-json\/wp\/v2\/pages"}],"about":[{"href":"https:\/\/app.ecciproject.eu\/fr\/wp-json\/wp\/v2\/types\/page"}],"author":[{"embeddable":true,"href":"https:\/\/app.ecciproject.eu\/fr\/wp-json\/wp\/v2\/users\/1"}],"replies":[{"embeddable":true,"href":"https:\/\/app.ecciproject.eu\/fr\/wp-json\/wp\/v2\/comments?post=2088"}],"version-history":[{"count":12,"href":"https:\/\/app.ecciproject.eu\/fr\/wp-json\/wp\/v2\/pages\/2088\/revisions"}],"predecessor-version":[{"id":3470,"href":"https:\/\/app.ecciproject.eu\/fr\/wp-json\/wp\/v2\/pages\/2088\/revisions\/3470"}],"wp:attachment":[{"href":"https:\/\/app.ecciproject.eu\/fr\/wp-json\/wp\/v2\/media?parent=2088"}],"curies":[{"name":"wp","href":"https:\/\/api.w.org\/{rel}","templated":true}]}}