{"id":2080,"date":"2024-05-10T18:13:57","date_gmt":"2024-05-10T16:13:57","guid":{"rendered":"https:\/\/app.ecciproject.eu\/politique-de-confidentialite-pour-app-ecciproject-eu\/"},"modified":"2024-12-06T10:32:28","modified_gmt":"2024-12-06T09:32:28","slug":"politique-de-confidentialite-pour-app-ecciproject-eu","status":"publish","type":"page","link":"https:\/\/app.ecciproject.eu\/fr\/politique-de-confidentialite-pour-app-ecciproject-eu\/","title":{"rendered":"Politique de Confidentialit\u00e9 pour app.ecciproject.eu"},"content":{"rendered":"\n<p>Cette Politique de Confidentialit\u00e9 s&#8217;applique aux donn\u00e9es personnelles trait\u00e9es par la plateforme d&#8217;apprentissage en ligne disponible \u00e0 l&#8217;adresse https:\/\/app.ecciproject.eu, dans le cadre du projet ECCI d\u00e9velopp\u00e9 par l&#8217;Universit\u00e0 Politecnica delle Marche. L&#8217;inscription \u00e0 la plateforme est n\u00e9cessaire pour acc\u00e9der et jouer au jeu num\u00e9rique h\u00e9berg\u00e9 sur https:\/\/game.ecciproject.eu en utilisant les m\u00eames identifiants, mais aussi pour acc\u00e9der \u00e0 l&#8217;espace priv\u00e9 sur la plateforme. L&#8217;espace priv\u00e9 est commun aux enseignants et aux \u00e9tudiants, qui sont trait\u00e9s comme une m\u00eame cat\u00e9gorie d&#8217;utilisateurs. Chaque utilisateur peut agir en tant qu&#8217;enseignant en cr\u00e9ant une classe dans l&#8217;espace priv\u00e9, en g\u00e9n\u00e9rant et partageant un code al\u00e9atoire, ou peut \u00eatre un joueur en ajoutant un code de classe fourni par l&#8217;enseignant \u00e0 son profil.<\/p>\n\n<p>Ces informations sont fournies \u00e0 tous les utilisateurs de notre site web, conform\u00e9ment au R\u00e8glement europ\u00e9en n\u00b0 679\/2016 (ci-apr\u00e8s \u00ab GDPR \u00bb) et au D\u00e9cret l\u00e9gislatif italien 196\/2003, modifi\u00e9 et compl\u00e9t\u00e9 par la suite. Les informations pr\u00e9sent\u00e9es ici concernent uniquement ce site web et non d&#8217;autres sites web que vous pourriez visiter via des liens sur ce site, et vous devez vous r\u00e9f\u00e9rer \u00e0 leurs propres informations de confidentialit\u00e9.<\/p>\n\n<p>Les donn\u00e9es personnelles sont stock\u00e9es sur des serveurs situ\u00e9s au sein de l&#8217;Union europ\u00e9enne, elles sont trait\u00e9es uniquement par des employ\u00e9s et collaborateurs autoris\u00e9s \u00e0 cet effet, ou par des personnes qui peuvent \u00eatre nomm\u00e9es pour effectuer des op\u00e9rations de maintenance occasionnelles.<\/p>\n\n<h2 class=\"wp-block-heading\">Responsable du traitement des donn\u00e9es :<\/h2>\n\n<p>Universit\u00e0 Politecnica delle Marche<br\/>Responsable de la protection des donn\u00e9es: Rocco Pietrini<br\/>Email de contact: r.pietrini &lt;AT&gt; staff.univpm.it<\/p>\n\n<h2 class=\"wp-block-heading\">Quelles informations collectons-nous ?<\/h2>\n\n<p>Nous collectons les informations personnelles suivantes lorsque vous vous inscrivez sur notre plateforme:<\/p>\n\n<ul class=\"wp-block-list\">\n<li>Pr\u00e9nom<\/li>\n\n\n\n<li>Nom<\/li>\n\n\n\n<li>Adresse e-mail<\/li>\n\n\n\n<li>Pays<\/li>\n\n\n\n<li>Genre (non obligatoire)<\/li>\n\n\n\n<li>Identifiant<\/li>\n\n\n\n<li>Consentement pour \u00eatre contact\u00e9 pour des enqu\u00eates et des entretiens afin de nous aider \u00e0 am\u00e9liorer nos services.<\/li>\n<\/ul>\n\n<p>De plus, \u00e0 des fins de statistiques d&#8217;utilisation \u00e0 rapporter comme r\u00e9sultats du projet, nous collectons temporairement votre adresse IP et les informations de l&#8217;agent utilisateur de votre navigateur. Ces donn\u00e9es seront collect\u00e9es et stock\u00e9es uniquement jusqu&#8217;en f\u00e9vrier 2025. Apr\u00e8s cette p\u00e9riode, ces donn\u00e9es seront d\u00e9finitivement supprim\u00e9es et ne seront plus collect\u00e9es aupr\u00e8s de nouveaux utilisateurs.<\/p>\n\n<h2 class=\"wp-block-heading\">\u00c2ge minimum requis:<\/h2>\n\n<p>Les utilisateurs doivent avoir au moins 13 ans pour s&#8217;inscrire sur app.ecciproject.eu. En fournissant vos informations personnelles, vous confirmez que vous remplissez cette condition d&#8217;\u00e2ge.<\/p>\n\n<h2 class=\"wp-block-heading\">Codes de classe:<\/h2>\n\n<p>Si vous utilisez un code de classe pour vous inscrire \u00e0 une classe, vos donn\u00e9es personnelles (Pr\u00e9nom, Nom, Adresse e-mail et Nom d&#8217;utilisateur) seront affich\u00e9es en lecture seule au cr\u00e9ateur de la classe associ\u00e9e au code de classe.<\/p>\n\n<h2 class=\"wp-block-heading\">Vos droits:<\/h2>\n\n<p>Vous avez le droit d&#8217;acc\u00e9der, de corriger ou de supprimer vos donn\u00e9es personnelles \u00e0 tout moment. Ces droits peuvent \u00eatre exerc\u00e9s via la section compte de notre plateforme apr\u00e8s votre connexion.<\/p>\n\n<h2 class=\"wp-block-heading\">Politique de non-utilisation des cookies:<\/h2>\n\n<p>Notre plateforme n&#8217;utilise pas de cookies. Nous ne collectons aucune donn\u00e9e via des cookies.<\/p>\n\n<h2 class=\"wp-block-heading\">S\u00e9curit\u00e9 des donn\u00e9es:<\/h2>\n\n<p>Nous mettons en \u0153uvre des mesures techniques et organisationnelles appropri\u00e9es pour prot\u00e9ger vos donn\u00e9es personnelles contre tout traitement non autoris\u00e9 ou ill\u00e9gal, perte accidentelle, destruction ou dommage.<\/p>\n\n<h2 class=\"wp-block-heading\">Contactez-nous:<\/h2>\n\n<p>Si vous avez des questions concernant cette politique de confidentialit\u00e9 ou la protection de vos donn\u00e9es personnelles, veuillez contacter Rocco Pietrini aux coordonn\u00e9es fournies ci-dessus.<\/p>\n\n<p><strong>Derni\u00e8re mise \u00e0 jour: 02\/08\/2024<\/strong><\/p>\n","protected":false},"excerpt":{"rendered":"<p>Cette Politique de Confidentialit\u00e9 s&#8217;applique aux donn\u00e9es personnelles trait\u00e9es par la plateforme d&#8217;apprentissage en ligne disponible \u00e0 l&#8217;adresse https:\/\/app.ecciproject.eu, dans le cadre du projet ECCI d\u00e9velopp\u00e9 par l&#8217;Universit\u00e0 Politecnica delle Marche. L&#8217;inscription \u00e0 la plateforme est n\u00e9cessaire pour acc\u00e9der et jouer au jeu num\u00e9rique h\u00e9berg\u00e9 sur https:\/\/game.ecciproject.eu en utilisant les m\u00eames identifiants, mais aussi pour [&hellip;]<\/p>\n","protected":false},"author":1,"featured_media":0,"parent":0,"menu_order":0,"comment_status":"closed","ping_status":"closed","template":"","meta":{"footnotes":""},"class_list":["post-2080","page","type-page","status-publish","hentry"],"acf":[],"_links":{"self":[{"href":"https:\/\/app.ecciproject.eu\/fr\/wp-json\/wp\/v2\/pages\/2080","targetHints":{"allow":["GET"]}}],"collection":[{"href":"https:\/\/app.ecciproject.eu\/fr\/wp-json\/wp\/v2\/pages"}],"about":[{"href":"https:\/\/app.ecciproject.eu\/fr\/wp-json\/wp\/v2\/types\/page"}],"author":[{"embeddable":true,"href":"https:\/\/app.ecciproject.eu\/fr\/wp-json\/wp\/v2\/users\/1"}],"replies":[{"embeddable":true,"href":"https:\/\/app.ecciproject.eu\/fr\/wp-json\/wp\/v2\/comments?post=2080"}],"version-history":[{"count":3,"href":"https:\/\/app.ecciproject.eu\/fr\/wp-json\/wp\/v2\/pages\/2080\/revisions"}],"predecessor-version":[{"id":2083,"href":"https:\/\/app.ecciproject.eu\/fr\/wp-json\/wp\/v2\/pages\/2080\/revisions\/2083"}],"wp:attachment":[{"href":"https:\/\/app.ecciproject.eu\/fr\/wp-json\/wp\/v2\/media?parent=2080"}],"curies":[{"name":"wp","href":"https:\/\/api.w.org\/{rel}","templated":true}]}}