{"id":1792,"date":"2024-04-18T20:35:56","date_gmt":"2024-04-18T18:35:56","guid":{"rendered":"https:\/\/app.ecciproject.eu\/bienvenido-a-la-plataforma-ecci\/"},"modified":"2025-03-09T19:04:18","modified_gmt":"2025-03-09T18:04:18","slug":"bienvenido-a-la-plataforma-ecci","status":"publish","type":"page","link":"https:\/\/app.ecciproject.eu\/es\/","title":{"rendered":"\u00a1Bienvenido a la plataforma ECCI!"},"content":{"rendered":"\n<div class=\"wp-block-group alignwide is-layout-flow wp-block-group-is-layout-flow\">\n<p class=\"has-text-align-center\"><strong>A trav\u00e9s de la plataforma, puedes acceder y jugar a los juegos de forma gratuita, est\u00e1n disponibles en papel y digital. Est\u00e1n dirigidos a j\u00f3venes de 13 a 18 a\u00f1os para ense\u00f1arles a dar soluciones al cambio clim\u00e1tico en las ciudades, centr\u00e1ndose en los espacios verdes, la movilidad y la vivienda. En cada p\u00e1gina, puedes encontrar material educativo para ayudar a preparar los juego y reflexionar sobre la experiencia.<\/strong><\/p>\n\n\n\n<p class=\"has-text-align-center\">Para m\u00e1s detalles, visita las p\u00e1ginas dedicadas.<\/p>\n\n\n\n<div style=\"margin-top:0;margin-bottom:0;height:56px\" aria-hidden=\"true\" class=\"wp-block-spacer\"><\/div>\n<\/div>\n\n<div class=\"wp-block-columns alignwide is-layout-flex wp-container-core-columns-is-layout-28f84493 wp-block-columns-is-layout-flex\">\n<div class=\"wp-block-column is-layout-flow wp-block-column-is-layout-flow\"><\/div>\n\n\n\n<div class=\"wp-block-column is-layout-flow wp-block-column-is-layout-flow\">\n<p class=\"has-text-align-center videotitle has-large-font-size\"><strong> \u00a1Juega los juegosS!<\/strong><\/p>\n<\/div>\n\n\n\n<div class=\"wp-block-column is-layout-flow wp-block-column-is-layout-flow\"><\/div>\n<\/div>\n\n<div style=\"height:25px\" aria-hidden=\"true\" class=\"wp-block-spacer\"><\/div>\n\n<div class=\"wp-block-columns alignwide is-layout-flex wp-container-core-columns-is-layout-28f84493 wp-block-columns-is-layout-flex\">\n<div class=\"wp-block-column is-vertically-aligned-center is-layout-flow wp-block-column-is-layout-flow\">\n<figure class=\"wp-block-image aligncenter size-large\"><a href=\"https:\/\/app.ecciproject.eu\/es\/juego-en-papel\/\"><img loading=\"lazy\" decoding=\"async\" width=\"1024\" height=\"512\" src=\"https:\/\/app.ecciproject.eu\/wp-content\/uploads\/2024\/07\/physical-e1721647247282-1024x512.jpg\" alt=\"\" class=\"wp-image-853\" srcset=\"https:\/\/app.ecciproject.eu\/wp-content\/uploads\/2024\/07\/physical-e1721647247282-1024x512.jpg 1024w, https:\/\/app.ecciproject.eu\/wp-content\/uploads\/2024\/07\/physical-e1721647247282-300x150.jpg 300w, https:\/\/app.ecciproject.eu\/wp-content\/uploads\/2024\/07\/physical-e1721647247282-768x384.jpg 768w, https:\/\/app.ecciproject.eu\/wp-content\/uploads\/2024\/07\/physical-e1721647247282.jpg 1442w\" sizes=\"auto, (max-width: 1024px) 100vw, 1024px\" \/><\/a><\/figure>\n\n\n\n<p class=\"has-text-align-center has-large-font-size\"><a href=\"https:\/\/app.ecciproject.eu\/es\/juego-en-papel\/\" data-type=\"page\" data-id=\"139\">Juego en papel<\/a><\/p>\n<\/div>\n\n\n\n<div class=\"wp-block-column is-vertically-aligned-center is-layout-flow wp-block-column-is-layout-flow\">\n<figure class=\"wp-block-image aligncenter size-large\"><a href=\"https:\/\/app.ecciproject.eu\/es\/juego-digital\/\"><img loading=\"lazy\" decoding=\"async\" width=\"1024\" height=\"512\" src=\"https:\/\/app.ecciproject.eu\/wp-content\/uploads\/2024\/07\/digital-1024x512.png\" alt=\"\" class=\"wp-image-858\" srcset=\"https:\/\/app.ecciproject.eu\/wp-content\/uploads\/2024\/07\/digital-1024x512.png 1024w, https:\/\/app.ecciproject.eu\/wp-content\/uploads\/2024\/07\/digital-300x150.png 300w, https:\/\/app.ecciproject.eu\/wp-content\/uploads\/2024\/07\/digital-768x384.png 768w, https:\/\/app.ecciproject.eu\/wp-content\/uploads\/2024\/07\/digital.png 1440w\" sizes=\"auto, (max-width: 1024px) 100vw, 1024px\" \/><\/a><\/figure>\n\n\n\n<p class=\"has-text-align-center has-large-font-size\"><a href=\"https:\/\/app.ecciproject.eu\/es\/juego-digital\/\" data-type=\"page\" data-id=\"76\">Juego Digital<\/a><\/p>\n<\/div>\n<\/div>\n\n<div class=\"wp-block-columns alignwide is-layout-flex wp-container-core-columns-is-layout-28f84493 wp-block-columns-is-layout-flex\">\n<div class=\"wp-block-column is-layout-flow wp-block-column-is-layout-flow\">\n<ul class=\"wp-block-list\">\n<li>Interacci\u00f3n f\u00edsica con los materiales del juego<\/li>\n\n\n\n<li>Juego en grupo (3-5 personas)<\/li>\n\n\n\n<li>Se requiere material impreso en papel<\/li>\n\n\n\n<li>Requiere presencia f\u00edsica y un l\u00edder del juego<\/li>\n\n\n\n<li>P\u00fablico objetivo: estudiantes de 13 a 18 a\u00f1os<\/li>\n\n\n\n<li>Enfoque en la colaboraci\u00f3n y la discusi\u00f3n<\/li>\n\n\n\n<li>Estructura modular<\/li>\n\n\n\n<li>45 minutos de juego (excluyendo preparaci\u00f3n y an\u00e1lisis posterior)<\/li>\n<\/ul>\n<\/div>\n\n\n\n<div class=\"wp-block-column is-layout-flow wp-block-column-is-layout-flow\">\n<ul class=\"wp-block-list\">\n<li>Interfaz de usuario visual basada en la web<\/li>\n\n\n\n<li>Modo de un solo jugador<\/li>\n\n\n\n<li>Sin materiales f\u00edsicos, completamente digital<\/li>\n\n\n\n<li>Se puede jugar en varios dispositivos<\/li>\n\n\n\n<li>P\u00fablico objetivo: estudiantes de 13 a 18 a\u00f1os<\/li>\n\n\n\n<li>Enfoque en el aprendizaje individual y la resoluci\u00f3n de problemas<\/li>\n\n\n\n<li>Estructura secuencial (los niveles deben jugarse en orden)<\/li>\n\n\n\n<li>30-90 minutos de juego (excluyendo la preparaci\u00f3n y el an\u00e1lisis posterior)<\/li>\n<\/ul>\n<\/div>\n<\/div>\n\n<p class=\"has-text-align-center videotitle\" style=\"margin-top:var(--wp--preset--spacing--40);margin-bottom:var(--wp--preset--spacing--40)\">Nuestras Voces, Nuestra Misi\u00f3n: Perspectivas de los Colaboradores de ECCI<\/p>\n\n<div class=\"wp-block-columns alignwide is-layout-flex wp-container-core-columns-is-layout-e0e4babd wp-block-columns-is-layout-flex\" style=\"border-style:none;border-width:0px;padding-right:0;padding-left:0\">\n<div class=\"wp-block-column is-layout-flow wp-block-column-is-layout-flow\">\n<figure style=\"margin-right:0;margin-left:0;padding-right:0;padding-left:0\" class=\"wp-block-video\"><video height=\"720\" style=\"aspect-ratio: 1280 \/ 720;\" width=\"1280\" controls=\"\" poster=\"https:\/\/app.ecciproject.eu\/wp-content\/uploads\/2024\/11\/vlcsnap-2024-11-21-09h56m09s805.png\" preload=\"auto\" src=\"https:\/\/app.ecciproject.eu\/wp-content\/uploads\/2024\/11\/video1462712830.mp4\"><\/video><\/figure>\n<\/div>\n\n\n\n<div class=\"wp-block-column is-layout-flow wp-block-column-is-layout-flow\">\n<figure class=\"wp-block-video\"><video height=\"720\" style=\"aspect-ratio: 1280 \/ 720;\" width=\"1280\" controls=\"\" poster=\"https:\/\/app.ecciproject.eu\/wp-content\/uploads\/2024\/11\/vlcsnap-2024-11-21-09h56m28s890.png\" src=\"https:\/\/app.ecciproject.eu\/wp-content\/uploads\/2024\/11\/Escape-Climate-Change-Iniciative-interview-Anoop.mp4\"><\/video><\/figure>\n<\/div>\n\n\n\n<div class=\"wp-block-column is-layout-flow wp-block-column-is-layout-flow\">\n<figure class=\"wp-block-video\"><video height=\"360\" style=\"aspect-ratio: 640 \/ 360;\" width=\"640\" controls=\"\" poster=\"https:\/\/app.ecciproject.eu\/wp-content\/uploads\/2024\/11\/vlcsnap-2024-11-21-09h57m11s545.png\" src=\"https:\/\/app.ecciproject.eu\/wp-content\/uploads\/2024\/11\/GMT20241003-080030_Recording_640x360.mp4\"><\/video><\/figure>\n<\/div>\n<\/div>\n\n<p class=\"has-text-align-center videotitle\">C\u00f3mo implementar la ambici\u00f3n de ECCI <a href=\"https:\/\/app.ecciproject.eu\/wp-content\/uploads\/2025\/03\/Como-implementar-la-ambicion-de-ECCI.pdf\"> PDF <\/a> | <a href=\"https:\/\/app.ecciproject.eu\/wp-content\/uploads\/2025\/03\/Como-implementar-la-ambicion-de-ECCI.docx\"> DOCX <\/a><\/p>\n\n<p class=\"has-text-align-center videotitle\"><a href=\"https:\/\/forms.gle\/HD9pHBNAPVJRvxR66\" data-type=\"link\" data-id=\"https:\/\/forms.gle\/HD9pHBNAPVJRvxR66\">\u00a1Danos tu opini\u00f3n!<\/a><\/p>\n\n<p class=\"has-text-align-center videotitle\"><a href=\"https:\/\/www.ecciproject.eu\/?lang=es#contact-ecci\">Cont\u00e1ctanos!<\/a><\/p>\n\n<p><\/p>\n","protected":false},"excerpt":{"rendered":"<p>A trav\u00e9s de la plataforma, puedes acceder y jugar a los juegos de forma gratuita, est\u00e1n disponibles en papel y digital. Est\u00e1n dirigidos a j\u00f3venes de 13 a 18 a\u00f1os para ense\u00f1arles a dar soluciones al cambio clim\u00e1tico en las ciudades, centr\u00e1ndose en los espacios verdes, la movilidad y la vivienda. En cada p\u00e1gina, puedes [&hellip;]<\/p>\n","protected":false},"author":1,"featured_media":0,"parent":0,"menu_order":0,"comment_status":"closed","ping_status":"closed","template":"","meta":{"footnotes":""},"class_list":["post-1792","page","type-page","status-publish","hentry"],"acf":[],"_links":{"self":[{"href":"https:\/\/app.ecciproject.eu\/es\/wp-json\/wp\/v2\/pages\/1792","targetHints":{"allow":["GET"]}}],"collection":[{"href":"https:\/\/app.ecciproject.eu\/es\/wp-json\/wp\/v2\/pages"}],"about":[{"href":"https:\/\/app.ecciproject.eu\/es\/wp-json\/wp\/v2\/types\/page"}],"author":[{"embeddable":true,"href":"https:\/\/app.ecciproject.eu\/es\/wp-json\/wp\/v2\/users\/1"}],"replies":[{"embeddable":true,"href":"https:\/\/app.ecciproject.eu\/es\/wp-json\/wp\/v2\/comments?post=1792"}],"version-history":[{"count":9,"href":"https:\/\/app.ecciproject.eu\/es\/wp-json\/wp\/v2\/pages\/1792\/revisions"}],"predecessor-version":[{"id":3471,"href":"https:\/\/app.ecciproject.eu\/es\/wp-json\/wp\/v2\/pages\/1792\/revisions\/3471"}],"wp:attachment":[{"href":"https:\/\/app.ecciproject.eu\/es\/wp-json\/wp\/v2\/media?parent=1792"}],"curies":[{"name":"wp","href":"https:\/\/api.w.org\/{rel}","templated":true}]}}