{"id":1790,"date":"2024-05-10T18:13:57","date_gmt":"2024-05-10T16:13:57","guid":{"rendered":"https:\/\/app.ecciproject.eu\/politica-de-privacidad\/"},"modified":"2024-11-15T15:07:14","modified_gmt":"2024-11-15T14:07:14","slug":"politica-de-privacidad","status":"publish","type":"page","link":"https:\/\/app.ecciproject.eu\/es\/politica-de-privacidad\/","title":{"rendered":"Pol\u00edtica de Privacidad"},"content":{"rendered":"\n<p>Esta Pol\u00edtica de Privacidad se aplica a los datos personales procesados por la plataforma de e-learning disponible en https:\/\/app.ecciproject.eu, como parte del proyecto ECCI desarrollado por la Universit\u00e0 Politecnica delle Marche. Se requiere registrarse en la plataforma para acceder y jugar el juego digital alojado en https:\/\/game.ecciproject.eu utilizando las mismas credenciales, pero tambi\u00e9n para acceder al \u00e1rea privada en la plataforma. El \u00e1rea privada es com\u00fan para profesores y estudiantes, quienes son tratados como la misma categor\u00eda de usuarios. Cada usuario puede actuar como profesor creando una clase en el \u00e1rea privada, generando y compartiendo un c\u00f3digo aleatorio, o puede ser un jugador agregando un c\u00f3digo de clase proporcionado por el profesor a su perfil.<\/p>\n\n<p>Esta informaci\u00f3n se proporciona a todos los usuarios de nuestro sitio web, tambi\u00e9n en virtud del Reglamento Europeo n.\u00ba 679\/2016 (en adelante, &#8220;GDPR&#8221;) y el Decreto Legislativo Italiano 196\/2003, posteriormente modificado y complementado. La informaci\u00f3n presentada aqu\u00ed se refiere \u00fanicamente a este sitio web y no a otros sitios web que pueda visitar a trav\u00e9s de enlaces en este sitio web, y debe referirse a su propia informaci\u00f3n espec\u00edfica de privacidad.<\/p>\n\n<p>Los datos personales se almacenan en servidores ubicados dentro de la Uni\u00f3n Europea, son manejados solo por empleados y colaboradores autorizados para este prop\u00f3sito, o por personas que pueden ser designadas para realizar operaciones de mantenimiento ocasionales.<\/p>\n\n<h2 class=\"wp-block-heading\">Responsable del Tratamiento de Datos:<\/h2>\n\n<p>Universit\u00e0 Politecnica delle Marche<br\/>Responsable de la protecci\u00f3n de datos: Rocco Pietrini<br\/>Correo electr\u00f3nico de contacto: r.pietrini &lt;AT&gt; staff.univpm.it<\/p>\n\n<h2 class=\"wp-block-heading\">\u00bfQu\u00e9 informaci\u00f3n recopilamos?<\/h2>\n\n<p>Recopilamos la siguiente informaci\u00f3n personal de usted cuando se registra en nuestra plataforma:<\/p>\n\n<ul class=\"wp-block-list\">\n<li>Nombre<\/li>\n\n\n\n<li>Apellido<\/li>\n\n\n\n<li>Direcci\u00f3n de correo electr\u00f3nico<\/li>\n\n\n\n<li>Pa\u00eds<\/li>\n\n\n\n<li>G\u00e9nero (no obligatorio)<\/li>\n\n\n\n<li>Nombre de usuario<\/li>\n\n\n\n<li>Consentimiento para ser contactado para encuestas y entrevistas para ayudarnos a mejorar nuestros servicios.<\/li>\n<\/ul>\n\n<p>Adem\u00e1s, con el prop\u00f3sito de estad\u00edsticas de uso para ser reportadas como resultados del proyecto, recopilamos temporalmente su direcci\u00f3n IP y la informaci\u00f3n del agente de usuario del navegador. Estos datos solo ser\u00e1n recopilados y almacenados hasta febrero de 2025. Despu\u00e9s de este per\u00edodo, estos datos ser\u00e1n eliminados permanentemente y no ser\u00e1n recopilados de nuevos usuarios.<\/p>\n\n<h2 class=\"wp-block-heading\">Requisito de edad m\u00ednima:<\/h2>\n\n<p>Los usuarios deben tener al menos 13 a\u00f1os para registrarse en app.ecciproject.eu. Al proporcionar su informaci\u00f3n personal, confirma que cumple con este requisito de edad.<\/p>\n\n<h2 class=\"wp-block-heading\">C\u00f3digos de clase:<\/h2>\n\n<p>Si utiliza un c\u00f3digo de clase para inscribirse en una clase, sus datos personales (Nombre, Apellido, Direcci\u00f3n de correo electr\u00f3nico y Nombre de usuario) se mostrar\u00e1n en modalidad de solo lectura al creador de la clase asociada con el c\u00f3digo de clase.<\/p>\n\n<h2 class=\"wp-block-heading\">Sus derechos:<\/h2>\n\n<p>Tiene derecho a acceder, corregir o eliminar sus datos personales en cualquier momento. Estos derechos pueden ejercerse a trav\u00e9s de la secci\u00f3n de cuenta de nuestra plataforma despu\u00e9s de iniciar sesi\u00f3n.<\/p>\n\n<h2 class=\"wp-block-heading\">Pol\u00edtica de No Uso de Cookies:<\/h2>\n\n<p>Nuestra plataforma no utiliza cookies. No recopilamos ning\u00fan dato a trav\u00e9s de cookies.<\/p>\n\n<h2 class=\"wp-block-heading\">Seguridad de los Datos:<\/h2>\n\n<p>Implementamos medidas t\u00e9cnicas y organizativas adecuadas para proteger sus datos personales contra el procesamiento no autorizado o ilegal, la p\u00e9rdida accidental, destrucci\u00f3n o da\u00f1o.<\/p>\n\n<h2 class=\"wp-block-heading\">Cont\u00e1ctenos:<\/h2>\n\n<p>Si tiene alguna pregunta sobre esta pol\u00edtica de privacidad o la protecci\u00f3n de sus datos personales, por favor contacte a Rocco Pietrini con los detalles proporcionados arriba.<\/p>\n\n<p><strong>\u00daltima actualizaci\u00f3n: 02\/08\/2024<\/strong><\/p>\n","protected":false},"excerpt":{"rendered":"<p>Esta Pol\u00edtica de Privacidad se aplica a los datos personales procesados por la plataforma de e-learning disponible en https:\/\/app.ecciproject.eu, como parte del proyecto ECCI desarrollado por la Universit\u00e0 Politecnica delle Marche. Se requiere registrarse en la plataforma para acceder y jugar el juego digital alojado en https:\/\/game.ecciproject.eu utilizando las mismas credenciales, pero tambi\u00e9n para acceder [&hellip;]<\/p>\n","protected":false},"author":1,"featured_media":0,"parent":0,"menu_order":0,"comment_status":"closed","ping_status":"closed","template":"","meta":{"footnotes":""},"class_list":["post-1790","page","type-page","status-publish","hentry"],"acf":[],"_links":{"self":[{"href":"https:\/\/app.ecciproject.eu\/es\/wp-json\/wp\/v2\/pages\/1790","targetHints":{"allow":["GET"]}}],"collection":[{"href":"https:\/\/app.ecciproject.eu\/es\/wp-json\/wp\/v2\/pages"}],"about":[{"href":"https:\/\/app.ecciproject.eu\/es\/wp-json\/wp\/v2\/types\/page"}],"author":[{"embeddable":true,"href":"https:\/\/app.ecciproject.eu\/es\/wp-json\/wp\/v2\/users\/1"}],"replies":[{"embeddable":true,"href":"https:\/\/app.ecciproject.eu\/es\/wp-json\/wp\/v2\/comments?post=1790"}],"version-history":[{"count":1,"href":"https:\/\/app.ecciproject.eu\/es\/wp-json\/wp\/v2\/pages\/1790\/revisions"}],"predecessor-version":[{"id":1791,"href":"https:\/\/app.ecciproject.eu\/es\/wp-json\/wp\/v2\/pages\/1790\/revisions\/1791"}],"wp:attachment":[{"href":"https:\/\/app.ecciproject.eu\/es\/wp-json\/wp\/v2\/media?parent=1790"}],"curies":[{"name":"wp","href":"https:\/\/api.w.org\/{rel}","templated":true}]}}