{"id":1788,"date":"2024-01-25T17:52:09","date_gmt":"2024-01-25T16:52:09","guid":{"rendered":"https:\/\/app.ecciproject.eu\/inscribirse\/"},"modified":"2024-11-19T15:19:02","modified_gmt":"2024-11-19T14:19:02","slug":"inscribirse","status":"publish","type":"page","link":"https:\/\/app.ecciproject.eu\/es\/inscribirse\/","title":{"rendered":"Inscribirse"},"content":{"rendered":"\n<div class=\"um um-register um-1889\">\n\t<div class=\"um-form\" data-mode=\"register\">\n\t\t<form method=\"post\" action=\"\">\n\t\t\t<div class=\"um-row _um_row_1 \" style=\"margin: 0 0 30px 0;\"><div class=\"um-col-1\"><div  id=\"um_field_1889_user_login\" class=\"um-field um-field-text  um-field-user_login um-field-text um-field-type_text\" data-key=\"user_login\"><div class=\"um-field-label\"><label for=\"user_login-1889\">Nombre de usuario<\/label><div class=\"um-clear\"><\/div><\/div><div class=\"um-field-area\"><input  autocomplete=\"off\" class=\"um-form-field valid \" type=\"text\" name=\"user_login-1889\" id=\"user_login-1889\" value=\"\" placeholder=\"\" data-validate=\"unique_username\" data-key=\"user_login\"  aria-invalid=\"false\" \/>\n\n\t\t\t\t\t\t<\/div><\/div><div  id=\"um_field_1889_first_name\" class=\"um-field um-field-text  um-field-first_name um-field-text um-field-type_text\" data-key=\"first_name\"><div class=\"um-field-label\"><label for=\"first_name-1889\">Nombre<\/label><div class=\"um-clear\"><\/div><\/div><div class=\"um-field-area\"><input  autocomplete=\"off\" class=\"um-form-field valid not-required \" type=\"text\" name=\"first_name-1889\" id=\"first_name-1889\" value=\"\" placeholder=\"\" data-validate=\"\" data-key=\"first_name\"  aria-invalid=\"false\" \/>\n\n\t\t\t\t\t\t<\/div><\/div><div  id=\"um_field_1889_last_name\" class=\"um-field um-field-text  um-field-last_name um-field-text um-field-type_text\" data-key=\"last_name\"><div class=\"um-field-label\"><label for=\"last_name-1889\">Apellido<\/label><div class=\"um-clear\"><\/div><\/div><div class=\"um-field-area\"><input  autocomplete=\"off\" class=\"um-form-field valid not-required \" type=\"text\" name=\"last_name-1889\" id=\"last_name-1889\" value=\"\" placeholder=\"\" data-validate=\"\" data-key=\"last_name\"  aria-invalid=\"false\" \/>\n\n\t\t\t\t\t\t<\/div><\/div><div  id=\"um_field_1889_Country\" class=\"um-field um-field-select  um-field-Country um-field-select um-field-type_select\" data-key=\"Country\"><div class=\"um-field-label\"><label for=\"Country-1889\">Pa\u00eds<\/label><div class=\"um-clear\"><\/div><\/div><div class=\"um-field-area  \"><select data-default=\"\"     name=\"Country\" id=\"Country\" data-validate=\"\" data-key=\"Country\" class=\"um-form-field valid not-required um-s1 \" style=\"width: 100%\" data-placeholder=\"\"   aria-invalid=\"false\" ><option value=\"\"><\/option><option value=\"Austria\" >Austria<\/option><option value=\"Belgium\" >Belgium<\/option><option value=\"Bulgaria\" >Bulgaria<\/option><option value=\"Croatia\" >Croatia<\/option><option value=\"Republic of Cyprus\" >Republic of Cyprus<\/option><option value=\"Czech Republic\" >Czech Republic<\/option><option value=\"Denmark\" >Denmark<\/option><option value=\"Estonia\" >Estonia<\/option><option value=\"Finland\" >Finland<\/option><option value=\"France\" >France<\/option><option value=\"Germany\" >Germany<\/option><option value=\"Greece\" >Greece<\/option><option value=\"Hungary\" >Hungary<\/option><option value=\"Ireland\" >Ireland<\/option><option value=\"Italia\" >Italia<\/option><option value=\"Latvia\" >Latvia<\/option><option value=\"Lithuania\" >Lithuania<\/option><option value=\"Luxembourg\" >Luxembourg<\/option><option value=\"Malta\" >Malta<\/option><option value=\"Netherlands\" >Netherlands<\/option><option value=\"Poland\" >Poland<\/option><option value=\"Portugal\" >Portugal<\/option><option value=\"Romania\" >Romania<\/option><option value=\"Slovakia\" >Slovakia<\/option><option value=\"Slovenia\" >Slovenia<\/option><option value=\"Spain\" >Spain<\/option><option value=\"Sweden\" >Sweden<\/option><\/select><\/div><\/div><div  id=\"um_field_1889_user_email\" class=\"um-field um-field-text  um-field-user_email um-field-text um-field-type_text\" data-key=\"user_email\"><div class=\"um-field-label\"><label for=\"user_email-1889\">Direcci\u00f3n de correo electr\u00f3nico<\/label><div class=\"um-clear\"><\/div><\/div><div class=\"um-field-area\"><input  autocomplete=\"off\" class=\"um-form-field valid not-required \" type=\"text\" name=\"user_email-1889\" id=\"user_email-1889\" value=\"\" placeholder=\"\" data-validate=\"unique_email\" data-key=\"user_email\"  aria-invalid=\"false\" \/>\n\n\t\t\t\t\t\t<\/div><\/div><div  id=\"um_field_1889_user_password\" class=\"um-field um-field-password  um-field-user_password um-field-password um-field-type_password\" data-key=\"user_password\"><div class=\"um-field-label\"><label for=\"user_password-1889\">Password<\/label><div class=\"um-clear\"><\/div><\/div><div class=\"um-field-area\"><input class=\"um-form-field valid \" type=\"password\" name=\"user_password-1889\" id=\"user_password-1889\" value=\"\" placeholder=\"\" data-validate=\"\" data-key=\"user_password\"  aria-invalid=\"false\" \/>\n\n\t\t\t\t\t\t\t<\/div><\/div><div  id=\"um_field_1889_confirm_user_password\" class=\"um-field um-field-password  um-field-user_password um-field-password um-field-type_password\" data-key=\"confirm_user_password\"><div class=\"um-field-label\"><label for=\"confirm_user_password-1889\">Conferma Password<\/label><div class=\"um-clear\"><\/div><\/div><div class=\"um-field-area\"><input class=\"um-form-field valid \" type=\"password\" name=\"confirm_user_password-1889\" id=\"confirm_user_password-1889\" value=\"\" placeholder=\"Conferma Password\" data-validate=\"\" data-key=\"confirm_user_password\"  aria-invalid=\"false\" \/><\/div><\/div><div  id=\"um_field_1889_survey\" class=\"um-field um-field-checkbox  um-field-survey um-field-checkbox um-field-type_checkbox\" data-key=\"survey\"  aria-invalid=\"false\" ><div class=\"um-field-label\"><label for=\"survey-1889\">Al seleccionar esta casilla, aceptas ser contactado para encuestas y entrevistas con el fin de ayudarnos a mejorar nuestra iniciativa.<\/label><div class=\"um-clear\"><\/div><\/div><div class=\"um-field-area\"><label class=\"um-field-checkbox  um-field-half \"><input   type=\"checkbox\" name=\"survey[]\" value=\"S\u00ed, estoy de acuerdo\"  \/><span class=\"um-field-checkbox-state\"><i class=\"um-icon-android-checkbox-outline-blank\"><\/i><\/span><span class=\"um-field-checkbox-option\">S\u00ed, estoy de acuerdo<\/span><\/label><div class=\"um-clear\"><\/div><\/div><\/div><\/div><\/div>\n<!-- This file should primarily consist of HTML with a little bit of PHP. -->\n<div class=\"um-field um-field-type_terms_conditions\" data-key=\"use_terms_conditions_agreement\" style=\"display:block;padding:0;\">\n\t<div class=\"um-field-area\">\n\t\t<div class=\"um-gdpr-content\" style=\"display:none;\">\n\t\t\t\n<p>Esta Pol\u00edtica de Privacidad se aplica a los datos personales procesados por la plataforma de e-learning disponible en https:\/\/app.ecciproject.eu, como parte del proyecto ECCI desarrollado por la Universit\u00e0 Politecnica delle Marche. Se requiere registrarse en la plataforma para acceder y jugar el juego digital alojado en https:\/\/game.ecciproject.eu utilizando las mismas credenciales, pero tambi\u00e9n para acceder al \u00e1rea privada en la plataforma. El \u00e1rea privada es com\u00fan para profesores y estudiantes, quienes son tratados como la misma categor\u00eda de usuarios. Cada usuario puede actuar como profesor creando una clase en el \u00e1rea privada, generando y compartiendo un c\u00f3digo aleatorio, o puede ser un jugador agregando un c\u00f3digo de clase proporcionado por el profesor a su perfil.<\/p>\n\n<p>Esta informaci\u00f3n se proporciona a todos los usuarios de nuestro sitio web, tambi\u00e9n en virtud del Reglamento Europeo n.\u00ba 679\/2016 (en adelante, &#8220;GDPR&#8221;) y el Decreto Legislativo Italiano 196\/2003, posteriormente modificado y complementado. La informaci\u00f3n presentada aqu\u00ed se refiere \u00fanicamente a este sitio web y no a otros sitios web que pueda visitar a trav\u00e9s de enlaces en este sitio web, y debe referirse a su propia informaci\u00f3n espec\u00edfica de privacidad.<\/p>\n\n<p>Los datos personales se almacenan en servidores ubicados dentro de la Uni\u00f3n Europea, son manejados solo por empleados y colaboradores autorizados para este prop\u00f3sito, o por personas que pueden ser designadas para realizar operaciones de mantenimiento ocasionales.<\/p>\n\n<h2 class=\"wp-block-heading\">Responsable del Tratamiento de Datos:<\/h2>\n\n<p>Universit\u00e0 Politecnica delle Marche<br\/>Responsable de la protecci\u00f3n de datos: Rocco Pietrini<br\/>Correo electr\u00f3nico de contacto: r.pietrini &lt;AT&gt; staff.univpm.it<\/p>\n\n<h2 class=\"wp-block-heading\">\u00bfQu\u00e9 informaci\u00f3n recopilamos?<\/h2>\n\n<p>Recopilamos la siguiente informaci\u00f3n personal de usted cuando se registra en nuestra plataforma:<\/p>\n\n<ul class=\"wp-block-list\">\n<li>Nombre<\/li>\n\n\n\n<li>Apellido<\/li>\n\n\n\n<li>Direcci\u00f3n de correo electr\u00f3nico<\/li>\n\n\n\n<li>Pa\u00eds<\/li>\n\n\n\n<li>G\u00e9nero (no obligatorio)<\/li>\n\n\n\n<li>Nombre de usuario<\/li>\n\n\n\n<li>Consentimiento para ser contactado para encuestas y entrevistas para ayudarnos a mejorar nuestros servicios.<\/li>\n<\/ul>\n\n<p>Adem\u00e1s, con el prop\u00f3sito de estad\u00edsticas de uso para ser reportadas como resultados del proyecto, recopilamos temporalmente su direcci\u00f3n IP y la informaci\u00f3n del agente de usuario del navegador. Estos datos solo ser\u00e1n recopilados y almacenados hasta febrero de 2025. Despu\u00e9s de este per\u00edodo, estos datos ser\u00e1n eliminados permanentemente y no ser\u00e1n recopilados de nuevos usuarios.<\/p>\n\n<h2 class=\"wp-block-heading\">Requisito de edad m\u00ednima:<\/h2>\n\n<p>Los usuarios deben tener al menos 13 a\u00f1os para registrarse en app.ecciproject.eu. Al proporcionar su informaci\u00f3n personal, confirma que cumple con este requisito de edad.<\/p>\n\n<h2 class=\"wp-block-heading\">C\u00f3digos de clase:<\/h2>\n\n<p>Si utiliza un c\u00f3digo de clase para inscribirse en una clase, sus datos personales (Nombre, Apellido, Direcci\u00f3n de correo electr\u00f3nico y Nombre de usuario) se mostrar\u00e1n en modalidad de solo lectura al creador de la clase asociada con el c\u00f3digo de clase.<\/p>\n\n<h2 class=\"wp-block-heading\">Sus derechos:<\/h2>\n\n<p>Tiene derecho a acceder, corregir o eliminar sus datos personales en cualquier momento. Estos derechos pueden ejercerse a trav\u00e9s de la secci\u00f3n de cuenta de nuestra plataforma despu\u00e9s de iniciar sesi\u00f3n.<\/p>\n\n<h2 class=\"wp-block-heading\">Pol\u00edtica de No Uso de Cookies:<\/h2>\n\n<p>Nuestra plataforma no utiliza cookies. No recopilamos ning\u00fan dato a trav\u00e9s de cookies.<\/p>\n\n<h2 class=\"wp-block-heading\">Seguridad de los Datos:<\/h2>\n\n<p>Implementamos medidas t\u00e9cnicas y organizativas adecuadas para proteger sus datos personales contra el procesamiento no autorizado o ilegal, la p\u00e9rdida accidental, destrucci\u00f3n o da\u00f1o.<\/p>\n\n<h2 class=\"wp-block-heading\">Cont\u00e1ctenos:<\/h2>\n\n<p>Si tiene alguna pregunta sobre esta pol\u00edtica de privacidad o la protecci\u00f3n de sus datos personales, por favor contacte a Rocco Pietrini con los detalles proporcionados arriba.<\/p>\n\n<p><strong>\u00daltima actualizaci\u00f3n: 02\/08\/2024<\/strong><\/p>\n\t\t<\/div>\n\n\t\t\n\t\t<a href=\"javascript:void(0);\" class=\"um-toggle-gdpr\" data-toggle-state=\"hidden\"\n\t\t   data-toggle-show=\"Mostrar la pol\u00edtica de privacidad\"\n\t\t   data-toggle-hide=\"Ocultar la pol\u00edtica de privacidad\">\n\t\t\tMostrar la pol\u00edtica de privacidad\t\t<\/a>\n\t<\/div>\n\t<div class=\"um-field-area\">\n\n\t\t\n\t\t<label class=\"um-field-checkbox\">\n\t\t\t<input type=\"checkbox\" name=\"use_gdpr_agreement\" value=\"1\">\n\t\t\t<span class=\"um-field-checkbox-state\"><i class=\"um-icon-android-checkbox-outline-blank\"><\/i><\/span>\n\t\t\t<span class=\"um-field-checkbox-option\">Confirma que aceptas nuestra pol\u00edtica de privacidad.<\/span>\n\t\t<\/label>\n\t\t<div class=\"um-clear\"><\/div>\n\n\t\t\n\t\t<div class=\"um-clear\"><\/div>\n\t<\/div>\n<\/div>\n\t\t<input type=\"hidden\" name=\"form_id\" id=\"form_id_1889\" value=\"1889\" \/>\n\t\n\t<p class=\"um_request_name\">\n\t\t<label for=\"um_request_1889\">Only fill in if you are not human<\/label>\n\t\t<input type=\"hidden\" name=\"um_request\" id=\"um_request_1889\" class=\"input\" value=\"\" size=\"25\" autocomplete=\"off\" \/>\n\t<\/p>\n\n\t<input type=\"hidden\" id=\"_wpnonce\" name=\"_wpnonce\" value=\"4666592d65\" \/><input type=\"hidden\" name=\"_wp_http_referer\" value=\"\/es\/wp-json\/wp\/v2\/pages\/1788\" \/>\n\t<div class=\"um-col-alt\">\n\n\t\t\n\t\t\t<div class=\"um-center\">\n\t\t\t\t<input type=\"submit\" value=\"Reg\u00edstrate\" class=\"um-button\" id=\"um-submit-btn\" \/>\n\t\t\t<\/div>\n\n\t\t\n\t\t<div class=\"um-clear\"><\/div>\n\n\t<\/div>\n\n\t\t\t<\/form>\n\t<\/div>\n<\/div>\n<style>\n\t\t\t.um-1889.um {\n\t\t\tmax-width: 450px;\n\t\t}\n\t\t<\/style>\n\n","protected":false},"excerpt":{"rendered":"","protected":false},"author":1,"featured_media":0,"parent":0,"menu_order":0,"comment_status":"closed","ping_status":"closed","template":"","meta":{"footnotes":""},"class_list":["post-1788","page","type-page","status-publish","hentry"],"acf":[],"_links":{"self":[{"href":"https:\/\/app.ecciproject.eu\/es\/wp-json\/wp\/v2\/pages\/1788","targetHints":{"allow":["GET"]}}],"collection":[{"href":"https:\/\/app.ecciproject.eu\/es\/wp-json\/wp\/v2\/pages"}],"about":[{"href":"https:\/\/app.ecciproject.eu\/es\/wp-json\/wp\/v2\/types\/page"}],"author":[{"embeddable":true,"href":"https:\/\/app.ecciproject.eu\/es\/wp-json\/wp\/v2\/users\/1"}],"replies":[{"embeddable":true,"href":"https:\/\/app.ecciproject.eu\/es\/wp-json\/wp\/v2\/comments?post=1788"}],"version-history":[{"count":1,"href":"https:\/\/app.ecciproject.eu\/es\/wp-json\/wp\/v2\/pages\/1788\/revisions"}],"predecessor-version":[{"id":1892,"href":"https:\/\/app.ecciproject.eu\/es\/wp-json\/wp\/v2\/pages\/1788\/revisions\/1892"}],"wp:attachment":[{"href":"https:\/\/app.ecciproject.eu\/es\/wp-json\/wp\/v2\/media?parent=1788"}],"curies":[{"name":"wp","href":"https:\/\/api.w.org\/{rel}","templated":true}]}}