{"id":1783,"date":"2024-04-18T18:18:18","date_gmt":"2024-04-18T16:18:18","guid":{"rendered":"https:\/\/app.ecciproject.eu\/juego-en-papel\/"},"modified":"2025-02-13T19:30:14","modified_gmt":"2025-02-13T18:30:14","slug":"juego-en-papel","status":"publish","type":"page","link":"https:\/\/app.ecciproject.eu\/es\/juego-en-papel\/","title":{"rendered":"Juego en papel"},"content":{"rendered":"\n<div class=\"wp-block-columns alignwide is-layout-flex wp-container-core-columns-is-layout-cad298ab wp-block-columns-is-layout-flex\" style=\"padding-right:var(--wp--preset--spacing--60);padding-left:var(--wp--preset--spacing--60)\">\n<div class=\"wp-block-column is-layout-flow wp-block-column-is-layout-flow\">\n<figure class=\"wp-block-image alignright size-large is-resized\"><img loading=\"lazy\" decoding=\"async\" width=\"1024\" height=\"724\" src=\"https:\/\/app.ecciproject.eu\/wp-content\/uploads\/2024\/12\/Beat_the_heat_logo_v4-1024x724.png\" alt=\"\" class=\"wp-image-1962\" style=\"width:437px;height:auto\" srcset=\"https:\/\/app.ecciproject.eu\/wp-content\/uploads\/2024\/12\/Beat_the_heat_logo_v4-1024x724.png 1024w, https:\/\/app.ecciproject.eu\/wp-content\/uploads\/2024\/12\/Beat_the_heat_logo_v4-300x212.png 300w, https:\/\/app.ecciproject.eu\/wp-content\/uploads\/2024\/12\/Beat_the_heat_logo_v4-768x543.png 768w, https:\/\/app.ecciproject.eu\/wp-content\/uploads\/2024\/12\/Beat_the_heat_logo_v4-1536x1086.png 1536w, https:\/\/app.ecciproject.eu\/wp-content\/uploads\/2024\/12\/Beat_the_heat_logo_v4-2048x1448.png 2048w\" sizes=\"auto, (max-width: 1024px) 100vw, 1024px\" \/><\/figure>\n<\/div>\n\n\n\n<div class=\"wp-block-column is-vertically-aligned-center is-layout-flow wp-block-column-is-layout-flow\">\n<p>Beat the Heat es un juego de mesa inmersivo dise\u00f1ado para educar a los jugadores sobre los complejos desaf\u00edos de la resiliencia urbana ante el cambio clim\u00e1tico.\nLos jugadores tienen la tarea de resolver tres problemas cr\u00edticos a los que se enfrenta una ciudad ficticia durante una gran ola de calor: la movilidad, los espacios verdes urbanos y la vivienda.\nA trav\u00e9s de pasatiempos y escenarios espec\u00edficos de cada tema de cada tema, los jugadores adquieren una mayor comprensi\u00f3n de los v\u00ednculos existentes entre los problemas urbanos y exploran soluciones innovadoras para mitigar su impacto.  <\/p>\n<\/div>\n<\/div>\n\n<div class=\"wp-block-columns alignwide is-layout-flex wp-container-core-columns-is-layout-28f84493 wp-block-columns-is-layout-flex\">\n<div class=\"wp-block-column is-layout-flow wp-block-column-is-layout-flow\">\n<figure class=\"wp-block-image aligncenter size-large is-resized\">\n  <a href=\"\" class=\"file-link\" data-file=\"archive_paper\" data-action=\"getfile\" data-format=\"zip\">\n    <img loading=\"lazy\" decoding=\"async\" width=\"1024\" height=\"512\" src=\"https:\/\/app.ecciproject.eu\/wp-content\/uploads\/2024\/12\/ECCI-Paper-game-Infographic_es-1024x512.png\" alt=\"\" class=\"wp-image-2537\" style=\"width:981px;height:auto\" srcset=\"https:\/\/app.ecciproject.eu\/wp-content\/uploads\/2024\/12\/ECCI-Paper-game-Infographic_es-1024x512.png 1024w, https:\/\/app.ecciproject.eu\/wp-content\/uploads\/2024\/12\/ECCI-Paper-game-Infographic_es-300x150.png 300w, https:\/\/app.ecciproject.eu\/wp-content\/uploads\/2024\/12\/ECCI-Paper-game-Infographic_es-768x384.png 768w, https:\/\/app.ecciproject.eu\/wp-content\/uploads\/2024\/12\/ECCI-Paper-game-Infographic_es-1536x768.png 1536w, https:\/\/app.ecciproject.eu\/wp-content\/uploads\/2024\/12\/ECCI-Paper-game-Infographic_es-2048x1024.png 2048w\" sizes=\"auto, (max-width: 1024px) 100vw, 1024px\" \/>\n  <\/a>\n<\/figure>\n\n\n\n<figure class=\"wp-block-video\"><\/figure>\n<\/div>\n<\/div>\n\n<div class=\"wp-block-columns alignwide is-not-stacked-on-mobile is-layout-flex wp-container-core-columns-is-layout-b26329b6 wp-block-columns-is-layout-flex\" style=\"padding-right:0px;padding-left:0px\">\n<div class=\"wp-block-column is-vertically-aligned-bottom is-layout-flow wp-block-column-is-layout-flow\" style=\"flex-basis:76.92%\">\n<p class=\"has-text-align-right has-small-font-size\"><em>Elige un idioma para el material <\/em><\/p>\n<\/div>\n\n\n\n<div class=\"wp-block-column is-vertically-aligned-stretch is-layout-flow wp-block-column-is-layout-flow\" style=\"flex-basis:23.08%\">    <div class=\"language-picker language-picker--flags js-language-picker\"\n         data-trigger-class=\"li4-btn li4-btn--subtle js-tab-focus\">\n        <form action=\"\" class=\"language-picker__form\">\n            <label for=\"language-picker-select\"><\/label>\n            <select title=\"\" name=\"language-picker-select\" id=\"language-picker-select\">\n                <option lang=\"de\" value=\"de\" >Deutsch<\/option>\n                <option lang=\"en\" value=\"en\" >English<\/option>\n                <option lang=\"fr\" value=\"fr\" >Fran\u00e7ais<\/option>\n                <option lang=\"it\" value=\"it\" >Italiano<\/option>\n                <option lang=\"es\" value=\"es\"  selected='selected'>Espanol<\/option>\n            <\/select>\n        <\/form>\n    <\/div>\n\t<script>\n\t\tjQuery(document).ready(function () {\n\t\t\tconst baseFolder = \"https:\/\/app.ecciproject.eu\/wp-content\/uploads\/\";\n\n\t\t\t\/\/ Function to get the selected language\n\t\t\tfunction getSelectedLanguage() {\n\t\t\t\tlet selectedLanguage = \"en\"; \/\/ Default to English if none selected\n\t\t\t\tjQuery(\".language-picker__list a\").each(function () {\n\t\t\t\t\tif (jQuery(this).attr(\"aria-selected\") === \"true\") {\n\t\t\t\t\t\tselectedLanguage = jQuery(this).attr(\"data-value\");\n\t\t\t\t\t}\n\t\t\t\t});\n\t\t\t\treturn selectedLanguage;\n\t\t\t}\n\n\t\t\t\/\/ Handle click event on .getpdf elements\n\t\t\tjQuery(\"[data-action='getfile']\").click(function (e) {\n\t\t\t\te.preventDefault(); \/\/ Prevent default link behavior\n\n\t\t\t\tconst fileNames = {\n\t\t\t\t\t\t\t\t\tde: {\n\t\t\t\t\t\t\t\t\t\tintroduce: 'vorbereitung_spiel',\n\t\t\t\t\t\t\t\t\t\tsetup_game: 'handbuch_spielvorbereitung',\n\t\t\t\t\t\t\t\t\t\tgamemaster: 'game_master_handbuch',\n\t\t\t\t\t\t\t\t\t\tgame: 'spiel',\n\t\t\t\t\t\t\t\t\t\tgamelr: 'spiel_niedrige_auflosung',\n\t\t\t\t\t\t\t\t\t\tDebriefing_paper_long: 'nach_spiel_lang',\n\t\t\t\t\t\t\t\t\t\tDebriefing_paper_short: 'nach_spiel_kurz',\n\t\t\t\t\t\t\t\t\t\ttake_action: 'handeln',\n\t\t\t\t\t\t\t\t\t\tsetup_game_digital_student: 'handbuch_spielvorbereitung_digitales_studierende',\n\t\t\t\t\t\t\t\t\t\tsetup_game_digital_teacher: 'handbuch_spielvorbereitung_digitales_lehrkraft',\n\t\t\t\t\t\t\t\t\t\tDebriefing_digital: 'nach_spiel_digitales',\n\t\t\t\t\t\t\t\t\t\tarchive_paper: 'ECCI_de',\n\t\t\t\t\t\t\t\t\t\tarchive_digital: 'ECCI_digital_de'\n\t\t\t\t\t\t\t\t\t},\n\t\t\t\t\t\t\t\t\ten: {\n\t\t\t\t\t\t\t\t\t\tintroduce: 'introduce',\n\t\t\t\t\t\t\t\t\t\tsetup_game: 'setup_game',\n\t\t\t\t\t\t\t\t\t\tgamemaster: 'gamemaster',\n\t\t\t\t\t\t\t\t\t\tgame: 'game',\n\t\t\t\t\t\t\t\t\t\tgamelr: 'game_lowres',\n\t\t\t\t\t\t\t\t\t\tDebriefing_paper_long: 'Debriefing_paper_long',\n\t\t\t\t\t\t\t\t\t\tDebriefing_paper_short: 'Debriefing_paper_short',\n\t\t\t\t\t\t\t\t\t\ttake_action: 'take_action',\n\t\t\t\t\t\t\t\t\t\tsetup_game_digital_student: 'setup_game_digital_student',\n\t\t\t\t\t\t\t\t\t\tsetup_game_digital_teacher: 'setup_game_digital_teacher',\n\t\t\t\t\t\t\t\t\t\tDebriefing_digital: 'Debriefing_digital',\n\t\t\t\t\t\t\t\t\t\tarchive_paper: 'ECCI_en',\n\t\t\t\t\t\t\t\t\t\tarchive_digital: 'ECCI_digital_en'\n\t\t\t\t\t\t\t\t\t},\n\t\t\t\t\t\t\t\t\tfr: {\n\t\t\t\t\t\t\t\t\t\tintroduce: 'avant_jeu',\n\t\t\t\t\t\t\t\t\t\tsetup_game: 'manuel_preparation_jeu',\n\t\t\t\t\t\t\t\t\t\tgamemaster: 'manuel_maitre_jeu',\n\t\t\t\t\t\t\t\t\t\tgame: 'jeu',\n\t\t\t\t\t\t\t\t\t\tgamelr: 'jeu_basse_resolution',\n\t\t\t\t\t\t\t\t\t\tDebriefing_paper_long: 'apres_jeu_longue',\n\t\t\t\t\t\t\t\t\t\tDebriefing_paper_short: 'apres_jeu_courte',\n\t\t\t\t\t\t\t\t\t\ttake_action: 'agir',\n\t\t\t\t\t\t\t\t\t\tsetup_game_digital_student: 'manuel_preparation_jeu_numerique_etudiant',\n\t\t\t\t\t\t\t\t\t\tsetup_game_digital_teacher: 'manuel_preparation_jeu_numerique_enseignant',\n\t\t\t\t\t\t\t\t\t\tDebriefing_digital: 'apres_jeu_numerique',\n\t\t\t\t\t\t\t\t\t\tarchive_paper: 'ECCI_fr',\n\t\t\t\t\t\t\t\t\t\tarchive_digital: 'ECCI_digital_fr'\n\t\t\t\t\t\t\t\t\t},\n\t\t\t\t\t\t\t\t\tit: {\n\t\t\t\t\t\t\t\t\t\tintroduce: 'pre_gioco',\n\t\t\t\t\t\t\t\t\t\tsetup_game: 'manuale_preparazione_gioco',\n\t\t\t\t\t\t\t\t\t\tgamemaster: 'manuale_game_master',\n\t\t\t\t\t\t\t\t\t\tgame: 'gioco',\n\t\t\t\t\t\t\t\t\t\tgamelr: 'gioco_bassa_risoluzione',\n\t\t\t\t\t\t\t\t\t\tDebriefing_paper_long: 'post_gioco_lungo',\n\t\t\t\t\t\t\t\t\t\tDebriefing_paper_short: 'post_gioco_corto',\n\t\t\t\t\t\t\t\t\t\ttake_action: 'agisci',\n\t\t\t\t\t\t\t\t\t\tsetup_game_digital_student: 'manuale_preparazione_gioco_digitale_studente',\n\t\t\t\t\t\t\t\t\t\tsetup_game_digital_teacher: 'manuale_preparazione_gioco_digitale_insegnante',\n\t\t\t\t\t\t\t\t\t\tDebriefing_digital: 'post_gioco_digitale',\n\t\t\t\t\t\t\t\t\t\tarchive_paper: 'ECCI_it',\n\t\t\t\t\t\t\t\t\t\tarchive_digital: 'ECCI_digital_it'\n\t\t\t\t\t\t\t\t\t},\n\t\t\t\t\t\t\t\t\tes: {\n\t\t\t\t\t\t\t\t\t\tintroduce: 'antes_jugar',\n\t\t\t\t\t\t\t\t\t\tsetup_game: 'manual_configuration_juego',\n\t\t\t\t\t\t\t\t\t\tgamemaster: 'manual_director_juego',\n\t\t\t\t\t\t\t\t\t\tgame: 'juego',\n\t\t\t\t\t\t\t\t\t\tgamelr: 'juego_baja_resolucion',\n\t\t\t\t\t\t\t\t\t\tDebriefing_paper_long: 'despues_juego_larga',\n\t\t\t\t\t\t\t\t\t\tDebriefing_paper_short: 'despues_juego_corta',\n\t\t\t\t\t\t\t\t\t\ttake_action: 'actua',\n\t\t\t\t\t\t\t\t\t\tsetup_game_digital_student: 'manual_configuration_juego_digital_estudiante',\n\t\t\t\t\t\t\t\t\t\tsetup_game_digital_teacher: 'manual_configuration_juego_digital_profesor',\n\t\t\t\t\t\t\t\t\t\tDebriefing_digital: 'despues_juego_digital',\n\t\t\t\t\t\t\t\t\t\tarchive_paper: 'ECCI_es',\n\t\t\t\t\t\t\t\t\t\tarchive_digital: 'ECCI_digital_es'\n\t\t\t\t\t\t\t\t\t}\n\t\t\t\t\t\t\t\t};\n\n\t\t\t\t\n\t\t\t\tconst selectedLang = getSelectedLanguage(); \/\/ Get selected language\n\t\t\t\tconst fileId = jQuery(this).data(\"file\");\n\t\t\t\tconst fileFormat = jQuery(this).data(\"format\");\n\/\/ \t\t\t\tconst fileName = `${fileId}_${selectedLang}.${fileFormat}`;\n\t\t\t\tconst fileName = fileNames[selectedLang] && fileNames[selectedLang][fileId] ? `${fileNames[selectedLang][fileId]}.${fileFormat}` : null;\n\t\t\t\tconst fileUrl = `${baseFolder}${fileName}`;\n\t\t\t\tconst modStr = selectedLang[0].toUpperCase() + selectedLang.slice(1);\n\t\t\t\tjQuery.ajax({url: \"https:\/\/app.ecciproject.eu\/wp-json\/ecci\/v1\/game\/assetsstatistics\/?lang=\"+modStr+\"&file=\"+fileUrl, success: function(result){\n\t\t\t\t\t\t\tif(result['success'] == 1){\n\t\t\t\t\t\t\t window.open(fileUrl, \"_blank\");\n\t\t\t\t\t\t\t}\n\t\t\t\t\t\t  }});\n\t\t\t\t\/\/ Set the file link directly and open it in a new window\n\t\t\t\t\/\/window.open(fileUrl, \"_blank\");\n\t\t\t});\n\t\t});\n\t<\/script>\n    \n<\/div>\n<\/div>\n\n<div class=\"wp-block-columns alignwide is-layout-flex wp-container-core-columns-is-layout-28f84493 wp-block-columns-is-layout-flex\">\n<div class=\"wp-block-column is-layout-flow wp-block-column-is-layout-flow\">\n<hr class=\"wp-block-separator has-alpha-channel-opacity is-style-wide\" style=\"margin-top:0;margin-bottom:0\"\/>\n<\/div>\n<\/div>\n\n<div class=\"wp-block-group alignwide is-content-justification-center is-nowrap is-layout-flex wp-container-core-group-is-layout-23441af8 wp-block-group-is-layout-flex\">\n<p>Todos los materiales est\u00e1n sujetos a la licencia: Creative Commons Attribution-ShareAlike 4.0 International (CC BY-SA 4.0). <a href=\"https:\/\/creativecommons.org\/licenses\/by-sa\/4.0\/\" data-type=\"link\" data-id=\"https:\/\/creativecommons.org\/licenses\/by-sa\/4.0\/\">\u00a1Obt\u00e9n m\u00e1s informaci\u00f3n aqu\u00ed!<\/a><\/p>\n<\/div>\n\n<div class=\"wp-block-group alignwide has-global-padding is-layout-constrained wp-block-group-is-layout-constrained\">\n<div class=\"wp-block-group alignwide has-global-padding is-layout-constrained wp-block-group-is-layout-constrained\">\n<div class=\"wp-block-group alignwide has-global-padding is-layout-constrained wp-block-group-is-layout-constrained\">\n<div class=\"wp-block-group alignwide has-global-padding is-layout-constrained wp-block-group-is-layout-constrained\">\n<div class=\"wp-block-group alignwide has-global-padding is-layout-constrained wp-block-group-is-layout-constrained\">\n<div class=\"wp-block-columns alignwide getpdf has-accent-background-color has-background is-layout-flex wp-container-core-columns-is-layout-28f84493 wp-block-columns-is-layout-flex\" id=\"guideline\">\n<div class=\"wp-block-column is-layout-flow wp-block-column-is-layout-flow\">\n<figure class=\"wp-block-image aligncenter size-full\"><img loading=\"lazy\" decoding=\"async\" width=\"1442\" height=\"721\" src=\"https:\/\/app.ecciproject.eu\/wp-content\/uploads\/2024\/07\/physical-e1721647247282.jpg\" alt=\"\" class=\"wp-image-853\" srcset=\"https:\/\/app.ecciproject.eu\/wp-content\/uploads\/2024\/07\/physical-e1721647247282.jpg 1442w, https:\/\/app.ecciproject.eu\/wp-content\/uploads\/2024\/07\/physical-e1721647247282-300x150.jpg 300w, https:\/\/app.ecciproject.eu\/wp-content\/uploads\/2024\/07\/physical-e1721647247282-1024x512.jpg 1024w, https:\/\/app.ecciproject.eu\/wp-content\/uploads\/2024\/07\/physical-e1721647247282-768x384.jpg 768w\" sizes=\"auto, (max-width: 1442px) 100vw, 1442px\" \/><\/figure>\n<\/div>\n\n\n\n<div class=\"wp-block-column is-vertically-aligned-center is-layout-flow wp-block-column-is-layout-flow\">\n<p class=\"ecciphysblock sectitle\" style=\"text-align: left; font-weight: bold;\"><b>Prepara el juego<\/b><\/p> \n<ul class=\"ecciphysblock\" style=\"text-align: left; list-style-type: disc; padding-left: 20px;\">\n    <li>Configura el juego: <a href=\"\" class=\"file-link\" data-action=\"getfile\" data-file=\"setup_game\" data-format=\"pdf\">pdf<\/a> | <a href=\"\" class=\"file-link\" data-file=\"setup_game\" data-action=\"getfile\" data-format=\"docx\">docx<\/a><\/li>\n    <li>Prep\u00e1rate para ser el director del juego:<a href=\"\" class=\"file-link\" data-file=\"gamemaster\" data-action=\"getfile\" data-format=\"pdf\"> pdf<\/a> | <a href=\"\" class=\"file-link\" data-file=\"gamemaster\" data-action=\"getfile\" data-format=\"docx\">docx<\/a><\/li>\n    <li>Material para introducir el cambio clim\u00e1tico en tu clase: <a href=\"\" class=\"file-link\" data-file=\"introduce\" data-action=\"getfile\" data-format=\"pdf\">pdf<\/a> | <a href=\"\" class=\"file-link\" data-file=\"introduce\" data-action=\"getfile\" data-format=\"docx\">docx<\/a><\/li>\n<\/ul>\n<\/div>\n<\/div>\n<\/div>\n\n\n\n<div class=\"wp-block-columns alignwide getpdf has-base-background-color has-background is-layout-flex wp-container-core-columns-is-layout-28f84493 wp-block-columns-is-layout-flex\" id=\"pregame\">\n<div class=\"wp-block-column is-vertically-aligned-center has-base-background-color has-background is-layout-flow wp-block-column-is-layout-flow\" style=\"padding-top:0;padding-bottom:0\">\n<p class=\"ecciphysblock sectitle\" style=\"text-align: left; font-weight: bold;\"><em>Jugar<\/em><\/p>\n<ul class=\"ecciphysblock\" style=\"text-align: left; list-style-type: disc; padding-left: 20px;\">\n    <li>Juego en papel, imprime, recorta y juega: <a href=\"\" class=\"file-link\" data-file=\"game\" data-action=\"getfile\" data-format=\"pdf\">pdf<\/a> | <a href=\"\" class=\"file-link\" data-action=\"getfile\" data-file=\"gamelr\" data-format=\"pdf\">Baja Resoluci\u00f3n<\/a><\/li>\n<\/ul>\n<\/div>\n\n\n\n<div class=\"wp-block-column has-base-background-color has-background is-layout-flow wp-block-column-is-layout-flow\">\n<figure class=\"wp-block-image aligncenter size-full\"><img loading=\"lazy\" decoding=\"async\" width=\"2560\" height=\"1920\" src=\"https:\/\/app.ecciproject.eu\/wp-content\/uploads\/2024\/12\/Play-scaled.jpg\" alt=\"\" class=\"wp-image-2573\" srcset=\"https:\/\/app.ecciproject.eu\/wp-content\/uploads\/2024\/12\/Play-scaled.jpg 2560w, https:\/\/app.ecciproject.eu\/wp-content\/uploads\/2024\/12\/Play-300x225.jpg 300w, https:\/\/app.ecciproject.eu\/wp-content\/uploads\/2024\/12\/Play-1024x768.jpg 1024w, https:\/\/app.ecciproject.eu\/wp-content\/uploads\/2024\/12\/Play-768x576.jpg 768w, https:\/\/app.ecciproject.eu\/wp-content\/uploads\/2024\/12\/Play-1536x1152.jpg 1536w, https:\/\/app.ecciproject.eu\/wp-content\/uploads\/2024\/12\/Play-2048x1536.jpg 2048w\" sizes=\"auto, (max-width: 2560px) 100vw, 2560px\" \/><\/figure>\n<\/div>\n<\/div>\n<\/div>\n<\/div>\n<\/div>\n<\/div>\n\n<div class=\"wp-block-columns alignwide getpdf has-accent-background-color has-background is-layout-flex wp-container-core-columns-is-layout-28f84493 wp-block-columns-is-layout-flex\" id=\"game\">\n<div class=\"wp-block-column is-layout-flow wp-block-column-is-layout-flow\">\n<figure class=\"wp-block-image aligncenter size-full\"><img loading=\"lazy\" decoding=\"async\" width=\"2560\" height=\"1702\" src=\"https:\/\/app.ecciproject.eu\/wp-content\/uploads\/2024\/12\/Reflect-and-Take-action_leonardo-basso-DnkVlqi97nc-unsplash-scaled.jpg\" alt=\"\" class=\"wp-image-2579\" style=\"object-fit:cover\" srcset=\"https:\/\/app.ecciproject.eu\/wp-content\/uploads\/2024\/12\/Reflect-and-Take-action_leonardo-basso-DnkVlqi97nc-unsplash-scaled.jpg 2560w, https:\/\/app.ecciproject.eu\/wp-content\/uploads\/2024\/12\/Reflect-and-Take-action_leonardo-basso-DnkVlqi97nc-unsplash-300x199.jpg 300w, https:\/\/app.ecciproject.eu\/wp-content\/uploads\/2024\/12\/Reflect-and-Take-action_leonardo-basso-DnkVlqi97nc-unsplash-1024x681.jpg 1024w, https:\/\/app.ecciproject.eu\/wp-content\/uploads\/2024\/12\/Reflect-and-Take-action_leonardo-basso-DnkVlqi97nc-unsplash-768x511.jpg 768w, https:\/\/app.ecciproject.eu\/wp-content\/uploads\/2024\/12\/Reflect-and-Take-action_leonardo-basso-DnkVlqi97nc-unsplash-1536x1021.jpg 1536w, https:\/\/app.ecciproject.eu\/wp-content\/uploads\/2024\/12\/Reflect-and-Take-action_leonardo-basso-DnkVlqi97nc-unsplash-2048x1362.jpg 2048w\" sizes=\"auto, (max-width: 2560px) 100vw, 2560px\" \/><\/figure>\n<\/div>\n\n\n\n<div class=\"wp-block-column is-vertically-aligned-center is-layout-flow wp-block-column-is-layout-flow\">\n<p class=\"ecciphysblock sectitle\" style=\"text-align: left; font-weight: bold;\"><em>Reflexiona y Act\u00faa<\/em><\/p>\n<ul class=\"ecciphysblock\" style=\"text-align: left; list-style-type: disc; padding-left: 20px;\">\n    <li>Reflexiona sobre el juego con tus estudiantes:\n        <ul style=\"list-style-type: disc; padding-left: 20px;\">\n            <li>Versi\u00f3n larga: <a href=\"\" class=\"file-link\" data-file=\"Debriefing_paper_long\" data-action=\"getfile\" data-format=\"pdf\">pdf<\/a> | <a href=\"\" class=\"file-link\" data-file=\"Debriefing_paper_long\" data-action=\"getfile\" data-format=\"docx\">docx<\/a><\/li>\n            <li>Versi\u00f3n corta: <a href=\"\" class=\"file-link\" data-file=\"Debriefing_paper_short\" data-action=\"getfile\" data-format=\"pdf\">pdf<\/a> | <a href=\"\" class=\"file-link\" data-file=\"Debriefing_paper_short\" data-action=\"getfile\" data-format=\"docx\">docx<\/a><\/li>\n        <\/ul>\n    <\/li>\n    <li>Invita a tus estudiantes a pasar a la acci\u00f3n: <a href=\"\" class=\"file-link\" data-file=\"take_action\" data-action=\"getfile\" data-format=\"pdf\">pdf<\/a> | <a href=\"\" class=\"file-link\" data-file=\"take_action\" data-action=\"getfile\" data-format=\"docx\">docx<\/a><\/li>\n<\/ul>\n<\/div>\n<\/div>\n","protected":false},"excerpt":{"rendered":"<p>Beat the Heat es un juego de mesa inmersivo dise\u00f1ado para educar a los jugadores sobre los complejos desaf\u00edos de la resiliencia urbana ante el cambio clim\u00e1tico. Los jugadores tienen la tarea de resolver tres problemas cr\u00edticos a los que se enfrenta una ciudad ficticia durante una gran ola de calor: la movilidad, los espacios [&hellip;]<\/p>\n","protected":false},"author":1,"featured_media":0,"parent":0,"menu_order":0,"comment_status":"closed","ping_status":"closed","template":"","meta":{"footnotes":""},"class_list":["post-1783","page","type-page","status-publish","hentry"],"acf":[],"_links":{"self":[{"href":"https:\/\/app.ecciproject.eu\/es\/wp-json\/wp\/v2\/pages\/1783","targetHints":{"allow":["GET"]}}],"collection":[{"href":"https:\/\/app.ecciproject.eu\/es\/wp-json\/wp\/v2\/pages"}],"about":[{"href":"https:\/\/app.ecciproject.eu\/es\/wp-json\/wp\/v2\/types\/page"}],"author":[{"embeddable":true,"href":"https:\/\/app.ecciproject.eu\/es\/wp-json\/wp\/v2\/users\/1"}],"replies":[{"embeddable":true,"href":"https:\/\/app.ecciproject.eu\/es\/wp-json\/wp\/v2\/comments?post=1783"}],"version-history":[{"count":26,"href":"https:\/\/app.ecciproject.eu\/es\/wp-json\/wp\/v2\/pages\/1783\/revisions"}],"predecessor-version":[{"id":3391,"href":"https:\/\/app.ecciproject.eu\/es\/wp-json\/wp\/v2\/pages\/1783\/revisions\/3391"}],"wp:attachment":[{"href":"https:\/\/app.ecciproject.eu\/es\/wp-json\/wp\/v2\/media?parent=1783"}],"curies":[{"name":"wp","href":"https:\/\/api.w.org\/{rel}","templated":true}]}}