{"id":2044,"date":"2024-04-18T20:01:51","date_gmt":"2024-04-18T18:01:51","guid":{"rendered":"https:\/\/app.ecciproject.eu\/faq\/"},"modified":"2024-12-05T18:29:03","modified_gmt":"2024-12-05T17:29:03","slug":"faq","status":"publish","type":"page","link":"https:\/\/app.ecciproject.eu\/de\/faq\/","title":{"rendered":"FAQ"},"content":{"rendered":"\n<div class=\"wp-block-columns alignwide is-layout-flex wp-container-core-columns-is-layout-28f84493 wp-block-columns-is-layout-flex\">\n<div class=\"wp-block-column is-layout-flow wp-block-column-is-layout-flow\" style=\"flex-basis:33.33%\">\n<p class=\"has-text-align-center has-xx-large-font-size\">| FAQ<\/p>\n<\/div>\n\n\n\n<div class=\"wp-block-column is-layout-flow wp-block-column-is-layout-flow\" style=\"flex-basis:66.66%\">\n<p><strong><em>Was ist ECCI?<\/em><\/strong><\/p>\n\n\n\n<p>Das europ\u00e4ische Erasmus+ Projekt Escape Climate Change Initiative (ECCI) zielt darauf ab, das Bewusstsein zu sch\u00e4rfen und Ma\u00dfnahmen unter Sch\u00fclern, Lehrern und Verwaltungspersonal durch eine innovative p\u00e4dagogische Initiative basierend auf einem Escape-Spiel zu f\u00f6rdern. Ziel ist es, die Zusammenarbeit der Teilnehmern zu f\u00f6rdern, um gemeinsam konkrete L\u00f6sungen f\u00fcr die identifizierten Probleme zu entwickeln. In dieser Struktur soll das Bewusstsein f\u00fcr den Klimawandel bei Sch\u00fclern und Lehrern geweckt sowie das Verst\u00e4ndnis der Ursachen und Auswirkungen des Klimawandels als ein vernetztes System im gesamten ECCI-Projekt erleichtert werden.<\/p>\n\n\n\n<p><\/p>\n\n\n\n<p><em><strong>Wer kann das Spiel spielen?<\/strong><\/em><\/p>\n\n\n\n<p>Jede Gruppe von Sch\u00fclern im Alter von 13-18 Jahren.<\/p>\n\n\n\n<p><\/p>\n\n\n\n<p><strong><em>Was ist die Rolle der Lehrkraft?<\/em><\/strong><\/p>\n\n\n\n<p>Die Lehrkraft agiert als Moderator der gesamten Initiative und als Spielleiter im physischen Spiel. Im physischen Spiel agieren Sie als Spielleiter. Im digitalen Spiel verwalten Sie die Klasse und greifen auf die Statistiken zu. Au\u00dferdem werden auch die Phasen vor und nach dem Spiel geleitet.<\/p>\n\n\n\n<p><\/p>\n\n\n\n<p><strong><em>Wie funktioniert das Spiel?<\/em><\/strong><\/p>\n\n\n\n<p><strong>Vorbereitungsphase:<\/strong> In dieser Phase wird das vorhandene Wissen der Sch\u00fcler zum Thema bewertet. Durch verschiedene Methoden wie Quizze, Diskussionen oder Einstufungen sch\u00e4tzt der\/die Moderator*in das Verst\u00e4ndnis und die Vertrautheit der Sch\u00fcler mit dem Thema ein, bevor das Spiel beginnt.<\/p>\n\n\n\n<p><strong>Spielphase:<\/strong> <\/p>\n\n\n\n<ul class=\"wp-block-list\">\n<li><strong>Papierbasiertes Spiel:<\/strong> In dieser Phase sind die Sch\u00fcler*innen aktiv am Spiel beteiligt, indem sie ihr Wissen, ihre Probleml\u00f6sungsf\u00e4higkeiten und ihr kritisches Denkverm\u00f6gen einsetzen, um Herausforderungen oder Aufgaben im Spielkontext zu meistern.<\/li>\n\n\n\n<li><strong>Digitales Spiel:<\/strong> Die Lehrer registrieren sich auf der Plattform, generieren einen Klassencode und teilen ihn der Klasse mit. Die Sch\u00fcler registrieren sich auf der Plattform, melden sich an, um auf das digitale Spiel zuzugreifen, und spielen. Das digitale Spiel besteht aus drei Levels mit der M\u00f6glichkeit, das Spiel jederzeit fortzusetzen. W\u00e4hrend des Spiels werden Fortschrittsstatistiken an die Plattform gesendet.<\/li>\n<\/ul>\n\n\n\n<p><strong>Nachspielphase:<\/strong> Nach dem Spiel findet eine Nachbesprechung statt, um \u00fcber die Lektionen aus der Spielerfahrung zu reflektieren. Der Moderator leitet Diskussionen, stellt Fragen und ermutigt die Sch\u00fcler, ihre Erkenntnisse, Erfahrungen und Beobachtungen zu teilen. Diese Phase zielt darauf ab, die wichtigsten Konzepte zu verst\u00e4rken, Missverst\u00e4ndnisse zu kl\u00e4ren und ein tieferes Verst\u00e4ndnis und eine Anwendung des Themas zu f\u00f6rdern.<\/p>\n\n\n\n<p>F\u00fcr das digitale Spiel k\u00f6nnen Lehrer die Klassenstatistiken nachverfolgen, w\u00e4hrend die Sch\u00fcler ihre eigenen Fortschrittsstatistiken einsehen k\u00f6nnen.<\/p>\n\n\n\n<p><\/p>\n\n\n\n<p><em><strong>Sind das papierbasierte und das digitale Spiel unterschiedlich?<\/strong><\/em><\/p>\n\n\n\n<p>Ja. Beide teilen dieselben Prinzipien und Themen, sind aber unterschiedliche Spiele.<\/p>\n\n\n\n<p><\/p>\n\n\n\n<p><em><strong>Muss ich mich auf der Plattform registrieren?<\/strong><\/em><\/p>\n\n\n\n<p>Nur f\u00fcr das digitale Spiel.<\/p>\n\n\n\n<p><\/p>\n\n\n\n<p><strong><em>Was ist der Klassencode?<\/em><\/strong><\/p>\n\n\n\n<p>Der Klassencode ist eine eindeutige Kennung, die vom Moderator generiert und mit den Sch\u00fclern geteilt wird. Er dient als Mittel, damit die Sch\u00fcler auf dieselbe virtuelle Welt zugreifen und daran teilnehmen k\u00f6nnen.<\/p>\n<\/div>\n<\/div>\n\n<p><\/p>\n","protected":false},"excerpt":{"rendered":"<p>| FAQ Was ist ECCI? Das europ\u00e4ische Erasmus+ Projekt Escape Climate Change Initiative (ECCI) zielt darauf ab, das Bewusstsein zu sch\u00e4rfen und Ma\u00dfnahmen unter Sch\u00fclern, Lehrern und Verwaltungspersonal durch eine innovative p\u00e4dagogische Initiative basierend auf einem Escape-Spiel zu f\u00f6rdern. Ziel ist es, die Zusammenarbeit der Teilnehmern zu f\u00f6rdern, um gemeinsam konkrete L\u00f6sungen f\u00fcr die identifizierten [&hellip;]<\/p>\n","protected":false},"author":1,"featured_media":0,"parent":0,"menu_order":0,"comment_status":"closed","ping_status":"closed","template":"","meta":{"footnotes":""},"class_list":["post-2044","page","type-page","status-publish","hentry"],"acf":[],"_links":{"self":[{"href":"https:\/\/app.ecciproject.eu\/de\/wp-json\/wp\/v2\/pages\/2044","targetHints":{"allow":["GET"]}}],"collection":[{"href":"https:\/\/app.ecciproject.eu\/de\/wp-json\/wp\/v2\/pages"}],"about":[{"href":"https:\/\/app.ecciproject.eu\/de\/wp-json\/wp\/v2\/types\/page"}],"author":[{"embeddable":true,"href":"https:\/\/app.ecciproject.eu\/de\/wp-json\/wp\/v2\/users\/1"}],"replies":[{"embeddable":true,"href":"https:\/\/app.ecciproject.eu\/de\/wp-json\/wp\/v2\/comments?post=2044"}],"version-history":[{"count":3,"href":"https:\/\/app.ecciproject.eu\/de\/wp-json\/wp\/v2\/pages\/2044\/revisions"}],"predecessor-version":[{"id":2047,"href":"https:\/\/app.ecciproject.eu\/de\/wp-json\/wp\/v2\/pages\/2044\/revisions\/2047"}],"wp:attachment":[{"href":"https:\/\/app.ecciproject.eu\/de\/wp-json\/wp\/v2\/media?parent=2044"}],"curies":[{"name":"wp","href":"https:\/\/api.w.org\/{rel}","templated":true}]}}