{"id":2038,"date":"2024-05-10T18:13:57","date_gmt":"2024-05-10T16:13:57","guid":{"rendered":"https:\/\/app.ecciproject.eu\/privacy-policy\/"},"modified":"2024-12-05T18:18:38","modified_gmt":"2024-12-05T17:18:38","slug":"privacy-policy","status":"publish","type":"page","link":"https:\/\/app.ecciproject.eu\/de\/privacy-policy\/","title":{"rendered":"Privacy Policy"},"content":{"rendered":"\n<p>Diese Datenschutzerkl\u00e4rung gilt f\u00fcr die personenbezogenen Daten, die von der E-Learning-Plattform unter https:\/\/app.ecciproject.eu im Rahmen des ECCI-Projekts, das von der Universit\u00e0 Politecnica delle Marche entwickelt wurde, verarbeitet werden. Eine Registrierung auf der Plattform ist erforderlich, um auf das digitale Spiel zuzugreifen und es zu spielen, das unter https:\/\/game.ecciproject.eu mit denselben Anmeldedaten gehostet wird, aber auch um auf den privaten Bereich der Plattform zuzugreifen. Der private Bereich ist f\u00fcr Lehrer und Sch\u00fcler gemeinsam, die als dieselbe Benutzerkategorie behandelt werden. Jeder Benutzer kann als Lehrer agieren, indem er eine Klasse im privaten Bereich erstellt, einen zuf\u00e4lligen Code generiert und teilt, oder kann als Spieler agieren, indem er einen von einem Lehrer bereitgestellten Klassen-Code zu seinem Profil hinzuf\u00fcgt.<\/p>\n\n<p>Diese Informationen werden allen Nutzern unserer Website zur Verf\u00fcgung gestellt, auch gem\u00e4\u00df der europ\u00e4ischen Verordnung Nr. 679\/2016 (im Folgenden \u201eGDPR\u201c) und dem italienischen Gesetzesdekret 196\/2003, das anschlie\u00dfend ge\u00e4ndert und erg\u00e4nzt wurde. Die hier pr\u00e4sentierten Informationen beziehen sich nur auf diese Website und nicht auf andere Websites, die Sie \u00fcber Links auf dieser Website besuchen k\u00f6nnen, und Sie m\u00fcssen sich auf deren eigene spezifische Datenschutzinformationen beziehen.<\/p>\n\n<p>Personenbezogene Daten werden auf Servern innerhalb der Europ\u00e4ischen Union gespeichert, sie werden nur von Mitarbeitern und Mitarbeitern behandelt, die zu diesem Zweck autorisiert sind, oder von Personen, die gelegentliche Wartungsarbeiten durchf\u00fchren d\u00fcrfen.<\/p>\n\n<h2 class=\"wp-block-heading\">Datenverantwortlicher:<\/h2>\n\n<p>Universit\u00e0 Politecnica delle Marche<br\/>Datenverantwortlicher: Rocco Pietrini<br\/>Kontakt-E-Mail: r.pietrini &lt;AT&gt; staff.univpm.it<\/p>\n\n<h2 class=\"wp-block-heading\">Welche Informationen sammeln wir?<\/h2>\n\n<p>Wir erfassen die folgenden personenbezogenen Daten von Ihnen, wenn Sie sich auf unserer Plattform registrieren:<\/p>\n\n<ul class=\"wp-block-list\">\n<li>Vorname<\/li>\n\n\n\n<li>Nachname<\/li>\n\n\n\n<li>E-Mail-Adresse<\/li>\n\n\n\n<li>Land<\/li>\n\n\n\n<li>Geschlecht (nicht obligatorisch)<\/li>\n\n\n\n<li>Benutzername<\/li>\n\n\n\n<li>Zustimmung, kontaktiert zu werden f\u00fcr Umfragen und Interviews, um uns zu helfen, unsere Dienstleistungen zu verbessern.<\/li>\n<\/ul>\n\n<p>Dar\u00fcber hinaus sammeln wir zu dem Zweck der Nutzungsstatistiken, die als Projektergebnisse gemeldet werden, vor\u00fcbergehend Ihre IP-Adresse und Informationen des Browser-User-Agents. Diese Daten werden nur bis Februar 2025 gesammelt und gespeichert. Nach diesem Zeitraum werden diese Daten dauerhaft gel\u00f6scht und nicht mehr von neuen Nutzern gesammelt.<\/p>\n\n<h2 class=\"wp-block-heading\">Mindestalteranforderung:<\/h2>\n\n<p>Benutzer m\u00fcssen mindestens 13 Jahre alt sein, um sich auf app.ecciproject.eu zu registrieren. Durch die Angabe Ihrer pers\u00f6nlichen Daten best\u00e4tigen Sie, dass Sie diese Altersanforderung erf\u00fcllen.<\/p>\n\n<h2 class=\"wp-block-heading\">Klassencodes:<\/h2>\n\n<p>Wenn Sie einen Klassencode verwenden, um sich f\u00fcr eine Klasse anzumelden, werden Ihre pers\u00f6nlichen Daten (Vorname, Nachname, E-Mail-Adresse und Benutzername) dem Ersteller der Klasse, die mit dem Klassencode verbunden ist, im Nur-Lese-Modus angezeigt.<\/p>\n\n<h2 class=\"wp-block-heading\">Ihre Rechte:<\/h2>\n\n<p>Sie haben das Recht, jederzeit auf Ihre personenbezogenen Daten zuzugreifen, diese zu berichtigen oder zu l\u00f6schen. Diese Rechte k\u00f6nnen \u00fcber den Kontoabschnitt unserer Plattform ausge\u00fcbt werden, nachdem Sie sich angemeldet haben.<\/p>\n\n<h2 class=\"wp-block-heading\">Keine Cookie-Richtlinie:<\/h2>\n\n<p>Unsere Plattform verwendet keine Cookies. Wir sammeln keine Daten \u00fcber Cookies.<\/p>\n\n<h2 class=\"wp-block-heading\">Datensicherheit:<\/h2>\n\n<p>Wir setzen geeignete technische und organisatorische Ma\u00dfnahmen ein, um Ihre personenbezogenen Daten vor unbefugter oder rechtswidriger Verarbeitung, versehentlichem Verlust, Zerst\u00f6rung oder Besch\u00e4digung zu sch\u00fctzen.<\/p>\n\n<h2 class=\"wp-block-heading\">Kontaktieren Sie uns:<\/h2>\n\n<p>Wenn Sie Fragen zu dieser Datenschutzerkl\u00e4rung oder zum Schutz Ihrer personenbezogenen Daten haben, kontaktieren Sie bitte Rocco Pietrini unter den oben angegebenen Kontaktdaten.<\/p>\n\n<p><strong>Letzte Aktualisierung: 02\/08\/2024<\/strong><\/p>\n","protected":false},"excerpt":{"rendered":"<p>Diese Datenschutzerkl\u00e4rung gilt f\u00fcr die personenbezogenen Daten, die von der E-Learning-Plattform unter https:\/\/app.ecciproject.eu im Rahmen des ECCI-Projekts, das von der Universit\u00e0 Politecnica delle Marche entwickelt wurde, verarbeitet werden. Eine Registrierung auf der Plattform ist erforderlich, um auf das digitale Spiel zuzugreifen und es zu spielen, das unter https:\/\/game.ecciproject.eu mit denselben Anmeldedaten gehostet wird, aber auch [&hellip;]<\/p>\n","protected":false},"author":1,"featured_media":0,"parent":0,"menu_order":0,"comment_status":"closed","ping_status":"closed","template":"","meta":{"footnotes":""},"class_list":["post-2038","page","type-page","status-publish","hentry"],"acf":[],"_links":{"self":[{"href":"https:\/\/app.ecciproject.eu\/de\/wp-json\/wp\/v2\/pages\/2038","targetHints":{"allow":["GET"]}}],"collection":[{"href":"https:\/\/app.ecciproject.eu\/de\/wp-json\/wp\/v2\/pages"}],"about":[{"href":"https:\/\/app.ecciproject.eu\/de\/wp-json\/wp\/v2\/types\/page"}],"author":[{"embeddable":true,"href":"https:\/\/app.ecciproject.eu\/de\/wp-json\/wp\/v2\/users\/1"}],"replies":[{"embeddable":true,"href":"https:\/\/app.ecciproject.eu\/de\/wp-json\/wp\/v2\/comments?post=2038"}],"version-history":[{"count":3,"href":"https:\/\/app.ecciproject.eu\/de\/wp-json\/wp\/v2\/pages\/2038\/revisions"}],"predecessor-version":[{"id":2041,"href":"https:\/\/app.ecciproject.eu\/de\/wp-json\/wp\/v2\/pages\/2038\/revisions\/2041"}],"wp:attachment":[{"href":"https:\/\/app.ecciproject.eu\/de\/wp-json\/wp\/v2\/media?parent=2038"}],"curies":[{"name":"wp","href":"https:\/\/api.w.org\/{rel}","templated":true}]}}