{"id":2030,"date":"2024-04-18T20:35:56","date_gmt":"2024-04-18T18:35:56","guid":{"rendered":"https:\/\/app.ecciproject.eu\/willkommen-auf-der-ecci-plattform\/"},"modified":"2025-03-01T23:59:04","modified_gmt":"2025-03-01T22:59:04","slug":"willkommen-auf-der-ecci-plattform","status":"publish","type":"page","link":"https:\/\/app.ecciproject.eu\/de\/","title":{"rendered":"Willkommen auf der ECCI-Plattform!"},"content":{"rendered":"\n<div class=\"wp-block-group alignwide is-layout-flow wp-block-group-is-layout-flow\">\n<p class=\"has-text-align-center\"><strong>\u00dcber die Plattform k\u00f6nnen Sie kostenlos auf die Spiele zugreifen und sie sowohl in Papier- als auch in digitalem Format spielen. Die Spiele richten sich an Jugendliche im Alter von 13 bis 18 Jahren und informieren \u00fcber L\u00f6sungen zum Klimawandel in St\u00e4dten, mit Schwerpunkt auf Gr\u00fcnfl\u00e4chen, Mobilit\u00e4t und Wohnen. Auf jeder Seite finden Sie p\u00e4dagogisches Material, das Ihnen hilft, sich auf das Spiel vorzubereiten und die Spielerfahrungen zu reflektieren.<\/strong><\/p>\n\n\n\n<p class=\"has-text-align-center\">F\u00fcr weitere Informationen besuchen Sie bitte die entsprechenden Seiten.<\/p>\n\n\n\n<div style=\"margin-top:0;margin-bottom:0;height:56px\" aria-hidden=\"true\" class=\"wp-block-spacer\"><\/div>\n<\/div>\n\n<div class=\"wp-block-columns alignwide is-layout-flex wp-container-core-columns-is-layout-28f84493 wp-block-columns-is-layout-flex\">\n<div class=\"wp-block-column is-layout-flow wp-block-column-is-layout-flow\"><\/div>\n\n\n\n<div class=\"wp-block-column is-layout-flow wp-block-column-is-layout-flow\">\n<p class=\"has-text-align-center videotitle has-large-font-size\"><strong> Spielt die Spiele!<\/strong><\/p>\n<\/div>\n\n\n\n<div class=\"wp-block-column is-layout-flow wp-block-column-is-layout-flow\"><\/div>\n<\/div>\n\n<div style=\"height:25px\" aria-hidden=\"true\" class=\"wp-block-spacer\"><\/div>\n\n<div class=\"wp-block-columns alignwide is-layout-flex wp-container-core-columns-is-layout-28f84493 wp-block-columns-is-layout-flex\">\n<div class=\"wp-block-column is-vertically-aligned-center is-layout-flow wp-block-column-is-layout-flow\">\n<figure class=\"wp-block-image aligncenter size-large\"><a href=\"https:\/\/app.ecciproject.eu\/de\/papierbasiertes-spiel\/\"><img loading=\"lazy\" decoding=\"async\" width=\"1024\" height=\"512\" src=\"https:\/\/app.ecciproject.eu\/wp-content\/uploads\/2024\/07\/physical-e1721647247282-1024x512.jpg\" alt=\"\" class=\"wp-image-853\" srcset=\"https:\/\/app.ecciproject.eu\/wp-content\/uploads\/2024\/07\/physical-e1721647247282-1024x512.jpg 1024w, https:\/\/app.ecciproject.eu\/wp-content\/uploads\/2024\/07\/physical-e1721647247282-300x150.jpg 300w, https:\/\/app.ecciproject.eu\/wp-content\/uploads\/2024\/07\/physical-e1721647247282-768x384.jpg 768w, https:\/\/app.ecciproject.eu\/wp-content\/uploads\/2024\/07\/physical-e1721647247282.jpg 1442w\" sizes=\"auto, (max-width: 1024px) 100vw, 1024px\" \/><\/a><\/figure>\n\n\n\n<p class=\"has-text-align-center has-large-font-size\"><a href=\"https:\/\/app.ecciproject.eu\/de\/papierbasiertes-spiel\/\" data-type=\"page\" data-id=\"139\">Papierbasiertes Spiel<\/a><\/p>\n<\/div>\n\n\n\n<div class=\"wp-block-column is-vertically-aligned-center is-layout-flow wp-block-column-is-layout-flow\">\n<figure class=\"wp-block-image aligncenter size-large\"><a href=\"https:\/\/app.ecciproject.eu\/de\/digitales-spiel\/\"><img loading=\"lazy\" decoding=\"async\" width=\"1024\" height=\"512\" src=\"https:\/\/app.ecciproject.eu\/wp-content\/uploads\/2024\/07\/digital-1024x512.png\" alt=\"\" class=\"wp-image-858\" srcset=\"https:\/\/app.ecciproject.eu\/wp-content\/uploads\/2024\/07\/digital-1024x512.png 1024w, https:\/\/app.ecciproject.eu\/wp-content\/uploads\/2024\/07\/digital-300x150.png 300w, https:\/\/app.ecciproject.eu\/wp-content\/uploads\/2024\/07\/digital-768x384.png 768w, https:\/\/app.ecciproject.eu\/wp-content\/uploads\/2024\/07\/digital.png 1440w\" sizes=\"auto, (max-width: 1024px) 100vw, 1024px\" \/><\/a><\/figure>\n\n\n\n<p class=\"has-text-align-center has-large-font-size\"><a href=\"https:\/\/app.ecciproject.eu\/de\/digitales-spiel\/\" data-type=\"page\" data-id=\"76\">Digitales Spiel<\/a><\/p>\n<\/div>\n<\/div>\n\n<div class=\"wp-block-columns alignwide is-layout-flex wp-container-core-columns-is-layout-28f84493 wp-block-columns-is-layout-flex\">\n<div class=\"wp-block-column is-layout-flow wp-block-column-is-layout-flow\">\n<ul class=\"wp-block-list\">\n<li>Physische Interaktion mit Spielmaterialien<\/li>\n\n\n\n<li>Gruppenspiel (3-5 Personen)<\/li>\n\n\n\n<li>Gedrucktes Papiermaterial erforderlich<\/li>\n\n\n\n<li>Ben\u00f6tigt physische Anwesenheit und einen Spielleiter<\/li>\n\n\n\n<li>Zielgruppe: Sch\u00fcler im Alter von 13-18 Jahren<\/li>\n\n\n\n<li>Schwerpunkt auf Zusammenarbeit und Diskussion<\/li>\n\n\n\n<li>Modulare Struktur<\/li>\n\n\n\n<li>45 Minuten Spielzeit (ausgenommen Vorbereitung und Nachbesprechung)<\/li>\n<\/ul>\n<\/div>\n\n\n\n<div class=\"wp-block-column is-layout-flow wp-block-column-is-layout-flow\">\n<ul class=\"wp-block-list\">\n<li>Webbasierte, visuelle Benutzeroberfl\u00e4che<\/li>\n\n\n\n<li>Einzelspielermodus<\/li>\n\n\n\n<li>Keine physischen Materialien, vollst\u00e4ndig digital<\/li>\n\n\n\n<li>Kann auf verschiedenen Ger\u00e4ten gespielt werden<\/li>\n\n\n\n<li>Zielgruppe: Sch\u00fcler im Alter von 13-18 Jahren<\/li>\n\n\n\n<li>Schwerpunkt auf individuellem Lernen und Probleml\u00f6sung<\/li>\n\n\n\n<li>Sequenzielle Struktur (Level m\u00fcssen in der richtigen Reihenfolge gespielt werden)<\/li>\n\n\n\n<li>30-90 Minuten Spielzeit (ausgenommen Vorbereitung und Nachbesprechung)<\/li>\n<\/ul>\n<\/div>\n<\/div>\n\n<p class=\"has-text-align-center videotitle\" style=\"margin-top:var(--wp--preset--spacing--40);margin-bottom:var(--wp--preset--spacing--40)\">Unsere Stimmen, Unsere Mission: Einblicke von ECCI-Mitwirkenden<\/p>\n\n<div class=\"wp-block-columns alignwide is-layout-flex wp-container-core-columns-is-layout-e0e4babd wp-block-columns-is-layout-flex\" style=\"border-style:none;border-width:0px;padding-right:0;padding-left:0\">\n<div class=\"wp-block-column is-layout-flow wp-block-column-is-layout-flow\">\n<figure style=\"margin-right:0;margin-left:0;padding-right:0;padding-left:0\" class=\"wp-block-video\"><video height=\"720\" style=\"aspect-ratio: 1280 \/ 720;\" width=\"1280\" controls=\"\" poster=\"https:\/\/app.ecciproject.eu\/wp-content\/uploads\/2024\/11\/vlcsnap-2024-11-21-09h56m09s805.png\" preload=\"auto\" src=\"https:\/\/app.ecciproject.eu\/wp-content\/uploads\/2024\/11\/video1462712830.mp4\"><\/video><\/figure>\n<\/div>\n\n\n\n<div class=\"wp-block-column is-layout-flow wp-block-column-is-layout-flow\">\n<figure class=\"wp-block-video\"><video height=\"720\" style=\"aspect-ratio: 1280 \/ 720;\" width=\"1280\" controls=\"\" poster=\"https:\/\/app.ecciproject.eu\/wp-content\/uploads\/2024\/11\/vlcsnap-2024-11-21-09h56m28s890.png\" src=\"https:\/\/app.ecciproject.eu\/wp-content\/uploads\/2024\/11\/Escape-Climate-Change-Iniciative-interview-Anoop.mp4\"><\/video><\/figure>\n<\/div>\n\n\n\n<div class=\"wp-block-column is-layout-flow wp-block-column-is-layout-flow\">\n<figure class=\"wp-block-video\"><video height=\"360\" style=\"aspect-ratio: 640 \/ 360;\" width=\"640\" controls=\"\" poster=\"https:\/\/app.ecciproject.eu\/wp-content\/uploads\/2024\/11\/vlcsnap-2024-11-21-09h57m11s545.png\" src=\"https:\/\/app.ecciproject.eu\/wp-content\/uploads\/2024\/11\/GMT20241003-080030_Recording_640x360.mp4\"><\/video><\/figure>\n<\/div>\n<\/div>\n\n<p class=\"has-text-align-center videotitle\">Wie man die ECCI-Ziele umsetzt <a href=\"https:\/\/app.ecciproject.eu\/wp-content\/uploads\/2025\/02\/Wie-man-die-ECCI-Ziele-umsetzt.pdf\"> PDF <\/a> | <a href=\"https:\/\/app.ecciproject.eu\/wp-content\/uploads\/2025\/02\/Wie-man-die-ECCI-Ziele-umsetzt.docx\"> DOCX <\/a><\/p>\n\n<p class=\"has-text-align-center videotitle\"><a href=\"https:\/\/forms.gle\/g6g7D73n6Pjibmcn7&#10;\" data-type=\"link\" data-id=\"https:\/\/forms.gle\/g6g7D73n6Pjibmcn7&#10;\">Geben Sie uns Ihr Feedback!<\/a><\/p>\n\n<p class=\"has-text-align-center videotitle\"><a href=\"https:\/\/www.ecciproject.eu\/?lang=de#contact-ecci\">Kontaktieren Sie uns\n!<\/a><\/p>\n\n<p><\/p>\n","protected":false},"excerpt":{"rendered":"<p>\u00dcber die Plattform k\u00f6nnen Sie kostenlos auf die Spiele zugreifen und sie sowohl in Papier- als auch in digitalem Format spielen. Die Spiele richten sich an Jugendliche im Alter von 13 bis 18 Jahren und informieren \u00fcber L\u00f6sungen zum Klimawandel in St\u00e4dten, mit Schwerpunkt auf Gr\u00fcnfl\u00e4chen, Mobilit\u00e4t und Wohnen. Auf jeder Seite finden Sie p\u00e4dagogisches [&hellip;]<\/p>\n","protected":false},"author":1,"featured_media":0,"parent":0,"menu_order":0,"comment_status":"closed","ping_status":"closed","template":"","meta":{"footnotes":""},"class_list":["post-2030","page","type-page","status-publish","hentry"],"acf":[],"_links":{"self":[{"href":"https:\/\/app.ecciproject.eu\/de\/wp-json\/wp\/v2\/pages\/2030","targetHints":{"allow":["GET"]}}],"collection":[{"href":"https:\/\/app.ecciproject.eu\/de\/wp-json\/wp\/v2\/pages"}],"about":[{"href":"https:\/\/app.ecciproject.eu\/de\/wp-json\/wp\/v2\/types\/page"}],"author":[{"embeddable":true,"href":"https:\/\/app.ecciproject.eu\/de\/wp-json\/wp\/v2\/users\/1"}],"replies":[{"embeddable":true,"href":"https:\/\/app.ecciproject.eu\/de\/wp-json\/wp\/v2\/comments?post=2030"}],"version-history":[{"count":8,"href":"https:\/\/app.ecciproject.eu\/de\/wp-json\/wp\/v2\/pages\/2030\/revisions"}],"predecessor-version":[{"id":3440,"href":"https:\/\/app.ecciproject.eu\/de\/wp-json\/wp\/v2\/pages\/2030\/revisions\/3440"}],"wp:attachment":[{"href":"https:\/\/app.ecciproject.eu\/de\/wp-json\/wp\/v2\/media?parent=2030"}],"curies":[{"name":"wp","href":"https:\/\/api.w.org\/{rel}","templated":true}]}}