{"id":2019,"date":"2024-04-18T17:26:08","date_gmt":"2024-04-18T15:26:08","guid":{"rendered":"https:\/\/app.ecciproject.eu\/digitales-spiel\/"},"modified":"2025-03-02T00:04:49","modified_gmt":"2025-03-01T23:04:49","slug":"digitales-spiel","status":"publish","type":"page","link":"https:\/\/app.ecciproject.eu\/de\/digitales-spiel\/","title":{"rendered":"Digitales Spiel"},"content":{"rendered":"\n<div class=\"wp-block-columns alignwide is-layout-flex wp-container-core-columns-is-layout-0c46279a wp-block-columns-is-layout-flex\" style=\"margin-top:var(--wp--preset--spacing--20);margin-bottom:var(--wp--preset--spacing--20);padding-top:var(--wp--preset--spacing--10);padding-bottom:var(--wp--preset--spacing--10)\">\n<div class=\"wp-block-column is-vertically-aligned-center is-layout-flow wp-block-column-is-layout-flow\">\n<figure class=\"wp-block-image aligncenter size-large\"><img loading=\"lazy\" decoding=\"async\" width=\"1024\" height=\"472\" src=\"https:\/\/app.ecciproject.eu\/wp-content\/uploads\/2024\/07\/climate-logo-1024x472.png\" alt=\"\" class=\"wp-image-925\" srcset=\"https:\/\/app.ecciproject.eu\/wp-content\/uploads\/2024\/07\/climate-logo-1024x472.png 1024w, https:\/\/app.ecciproject.eu\/wp-content\/uploads\/2024\/07\/climate-logo-300x138.png 300w, https:\/\/app.ecciproject.eu\/wp-content\/uploads\/2024\/07\/climate-logo-768x354.png 768w, https:\/\/app.ecciproject.eu\/wp-content\/uploads\/2024\/07\/climate-logo.png 1385w\" sizes=\"auto, (max-width: 1024px) 100vw, 1024px\" \/><\/figure>\n<\/div>\n\n\n\n<div class=\"wp-block-column is-vertically-aligned-center is-layout-flow wp-block-column-is-layout-flow\">\n<p>Die Stadt leidet unter den Folgen des Klimawandels, doch der B\u00fcrgermeister hat einen mutigen Plan. Mit dem \u201eJugendstadtrat\u201c sollen junge Stimmen nachhaltige L\u00f6sungen entwickeln, um die steigenden Temperaturen zu bek\u00e4mpfen. Tauche ein in Climate Wardens, eine spannende Web-App f\u00fcr Einzelspieler, in der du wachsende Herausforderungen durch Mini-Spiele und R\u00e4tsel meisterst. Eine fesselnde Geschichte begleitet dich und f\u00f6rdert kritisches Denken und Wissen, w\u00e4hrend du deinen Beitrag im Kampf gegen den Klimawandel leistest. Bist du bereit, etwas zu ver\u00e4ndern? Die Stadt z\u00e4hlt auf dich!<\/p>\n<\/div>\n<\/div>\n\n<figure class=\"wp-block-video\"><\/figure>\n\n<div class=\"wp-block-columns alignfull is-not-stacked-on-mobile is-layout-flex wp-container-core-columns-is-layout-b26329b6 wp-block-columns-is-layout-flex\" style=\"padding-right:0px;padding-left:0px\">\n<div class=\"wp-block-column is-vertically-aligned-bottom is-layout-flow wp-block-column-is-layout-flow\" style=\"flex-basis:76.92%\">\n<p class=\"has-text-align-right has-small-font-size\"><em>W\u00e4hlen Sie eine Sprache f\u00fcr das Material aus. <\/em><\/p>\n<\/div>\n\n\n\n<div class=\"wp-block-column is-vertically-aligned-stretch is-layout-flow wp-block-column-is-layout-flow\" style=\"flex-basis:23.08%\">    <div class=\"language-picker language-picker--flags js-language-picker\"\n         data-trigger-class=\"li4-btn li4-btn--subtle js-tab-focus\">\n        <form action=\"\" class=\"language-picker__form\">\n            <label for=\"language-picker-select\"><\/label>\n            <select title=\"\" name=\"language-picker-select\" id=\"language-picker-select\">\n                <option lang=\"de\" value=\"de\"  selected='selected'>Deutsch<\/option>\n                <option lang=\"en\" value=\"en\" >English<\/option>\n                <option lang=\"fr\" value=\"fr\" >Fran\u00e7ais<\/option>\n                <option lang=\"it\" value=\"it\" >Italiano<\/option>\n                <option lang=\"es\" value=\"es\" >Espanol<\/option>\n            <\/select>\n        <\/form>\n    <\/div>\n\t<script>\n\t\tjQuery(document).ready(function () {\n\t\t\tconst baseFolder = \"https:\/\/app.ecciproject.eu\/wp-content\/uploads\/\";\n\n\t\t\t\/\/ Function to get the selected language\n\t\t\tfunction getSelectedLanguage() {\n\t\t\t\tlet selectedLanguage = \"en\"; \/\/ Default to English if none selected\n\t\t\t\tjQuery(\".language-picker__list a\").each(function () {\n\t\t\t\t\tif (jQuery(this).attr(\"aria-selected\") === \"true\") {\n\t\t\t\t\t\tselectedLanguage = jQuery(this).attr(\"data-value\");\n\t\t\t\t\t}\n\t\t\t\t});\n\t\t\t\treturn selectedLanguage;\n\t\t\t}\n\n\t\t\t\/\/ Handle click event on .getpdf elements\n\t\t\tjQuery(\"[data-action='getfile']\").click(function (e) {\n\t\t\t\te.preventDefault(); \/\/ Prevent default link behavior\n\n\t\t\t\tconst fileNames = {\n\t\t\t\t\t\t\t\t\tde: {\n\t\t\t\t\t\t\t\t\t\tintroduce: 'vorbereitung_spiel',\n\t\t\t\t\t\t\t\t\t\tsetup_game: 'handbuch_spielvorbereitung',\n\t\t\t\t\t\t\t\t\t\tgamemaster: 'game_master_handbuch',\n\t\t\t\t\t\t\t\t\t\tgame: 'spiel',\n\t\t\t\t\t\t\t\t\t\tgamelr: 'spiel_niedrige_auflosung',\n\t\t\t\t\t\t\t\t\t\tDebriefing_paper_long: 'nach_spiel_lang',\n\t\t\t\t\t\t\t\t\t\tDebriefing_paper_short: 'nach_spiel_kurz',\n\t\t\t\t\t\t\t\t\t\ttake_action: 'handeln',\n\t\t\t\t\t\t\t\t\t\tsetup_game_digital_student: 'handbuch_spielvorbereitung_digitales_studierende',\n\t\t\t\t\t\t\t\t\t\tsetup_game_digital_teacher: 'handbuch_spielvorbereitung_digitales_lehrkraft',\n\t\t\t\t\t\t\t\t\t\tDebriefing_digital: 'nach_spiel_digitales',\n\t\t\t\t\t\t\t\t\t\tarchive_paper: 'ECCI_de',\n\t\t\t\t\t\t\t\t\t\tarchive_digital: 'ECCI_digital_de'\n\t\t\t\t\t\t\t\t\t},\n\t\t\t\t\t\t\t\t\ten: {\n\t\t\t\t\t\t\t\t\t\tintroduce: 'introduce',\n\t\t\t\t\t\t\t\t\t\tsetup_game: 'setup_game',\n\t\t\t\t\t\t\t\t\t\tgamemaster: 'gamemaster',\n\t\t\t\t\t\t\t\t\t\tgame: 'game',\n\t\t\t\t\t\t\t\t\t\tgamelr: 'game_lowres',\n\t\t\t\t\t\t\t\t\t\tDebriefing_paper_long: 'Debriefing_paper_long',\n\t\t\t\t\t\t\t\t\t\tDebriefing_paper_short: 'Debriefing_paper_short',\n\t\t\t\t\t\t\t\t\t\ttake_action: 'take_action',\n\t\t\t\t\t\t\t\t\t\tsetup_game_digital_student: 'setup_game_digital_student',\n\t\t\t\t\t\t\t\t\t\tsetup_game_digital_teacher: 'setup_game_digital_teacher',\n\t\t\t\t\t\t\t\t\t\tDebriefing_digital: 'Debriefing_digital',\n\t\t\t\t\t\t\t\t\t\tarchive_paper: 'ECCI_en',\n\t\t\t\t\t\t\t\t\t\tarchive_digital: 'ECCI_digital_en'\n\t\t\t\t\t\t\t\t\t},\n\t\t\t\t\t\t\t\t\tfr: {\n\t\t\t\t\t\t\t\t\t\tintroduce: 'avant_jeu',\n\t\t\t\t\t\t\t\t\t\tsetup_game: 'manuel_preparation_jeu',\n\t\t\t\t\t\t\t\t\t\tgamemaster: 'manuel_maitre_jeu',\n\t\t\t\t\t\t\t\t\t\tgame: 'jeu',\n\t\t\t\t\t\t\t\t\t\tgamelr: 'jeu_basse_resolution',\n\t\t\t\t\t\t\t\t\t\tDebriefing_paper_long: 'apres_jeu_longue',\n\t\t\t\t\t\t\t\t\t\tDebriefing_paper_short: 'apres_jeu_courte',\n\t\t\t\t\t\t\t\t\t\ttake_action: 'agir',\n\t\t\t\t\t\t\t\t\t\tsetup_game_digital_student: 'manuel_preparation_jeu_numerique_etudiant',\n\t\t\t\t\t\t\t\t\t\tsetup_game_digital_teacher: 'manuel_preparation_jeu_numerique_enseignant',\n\t\t\t\t\t\t\t\t\t\tDebriefing_digital: 'apres_jeu_numerique',\n\t\t\t\t\t\t\t\t\t\tarchive_paper: 'ECCI_fr',\n\t\t\t\t\t\t\t\t\t\tarchive_digital: 'ECCI_digital_fr'\n\t\t\t\t\t\t\t\t\t},\n\t\t\t\t\t\t\t\t\tit: {\n\t\t\t\t\t\t\t\t\t\tintroduce: 'pre_gioco',\n\t\t\t\t\t\t\t\t\t\tsetup_game: 'manuale_preparazione_gioco',\n\t\t\t\t\t\t\t\t\t\tgamemaster: 'manuale_game_master',\n\t\t\t\t\t\t\t\t\t\tgame: 'gioco',\n\t\t\t\t\t\t\t\t\t\tgamelr: 'gioco_bassa_risoluzione',\n\t\t\t\t\t\t\t\t\t\tDebriefing_paper_long: 'post_gioco_lungo',\n\t\t\t\t\t\t\t\t\t\tDebriefing_paper_short: 'post_gioco_corto',\n\t\t\t\t\t\t\t\t\t\ttake_action: 'agisci',\n\t\t\t\t\t\t\t\t\t\tsetup_game_digital_student: 'manuale_preparazione_gioco_digitale_studente',\n\t\t\t\t\t\t\t\t\t\tsetup_game_digital_teacher: 'manuale_preparazione_gioco_digitale_insegnante',\n\t\t\t\t\t\t\t\t\t\tDebriefing_digital: 'post_gioco_digitale',\n\t\t\t\t\t\t\t\t\t\tarchive_paper: 'ECCI_it',\n\t\t\t\t\t\t\t\t\t\tarchive_digital: 'ECCI_digital_it'\n\t\t\t\t\t\t\t\t\t},\n\t\t\t\t\t\t\t\t\tes: {\n\t\t\t\t\t\t\t\t\t\tintroduce: 'antes_jugar',\n\t\t\t\t\t\t\t\t\t\tsetup_game: 'manual_configuration_juego',\n\t\t\t\t\t\t\t\t\t\tgamemaster: 'manual_director_juego',\n\t\t\t\t\t\t\t\t\t\tgame: 'juego',\n\t\t\t\t\t\t\t\t\t\tgamelr: 'juego_baja_resolucion',\n\t\t\t\t\t\t\t\t\t\tDebriefing_paper_long: 'despues_juego_larga',\n\t\t\t\t\t\t\t\t\t\tDebriefing_paper_short: 'despues_juego_corta',\n\t\t\t\t\t\t\t\t\t\ttake_action: 'actua',\n\t\t\t\t\t\t\t\t\t\tsetup_game_digital_student: 'manual_configuration_juego_digital_estudiante',\n\t\t\t\t\t\t\t\t\t\tsetup_game_digital_teacher: 'manual_configuration_juego_digital_profesor',\n\t\t\t\t\t\t\t\t\t\tDebriefing_digital: 'despues_juego_digital',\n\t\t\t\t\t\t\t\t\t\tarchive_paper: 'ECCI_es',\n\t\t\t\t\t\t\t\t\t\tarchive_digital: 'ECCI_digital_es'\n\t\t\t\t\t\t\t\t\t}\n\t\t\t\t\t\t\t\t};\n\n\t\t\t\t\n\t\t\t\tconst selectedLang = getSelectedLanguage(); \/\/ Get selected language\n\t\t\t\tconst fileId = jQuery(this).data(\"file\");\n\t\t\t\tconst fileFormat = jQuery(this).data(\"format\");\n\/\/ \t\t\t\tconst fileName = `${fileId}_${selectedLang}.${fileFormat}`;\n\t\t\t\tconst fileName = fileNames[selectedLang] && fileNames[selectedLang][fileId] ? `${fileNames[selectedLang][fileId]}.${fileFormat}` : null;\n\t\t\t\tconst fileUrl = `${baseFolder}${fileName}`;\n\t\t\t\tconst modStr = selectedLang[0].toUpperCase() + selectedLang.slice(1);\n\t\t\t\tjQuery.ajax({url: \"https:\/\/app.ecciproject.eu\/wp-json\/ecci\/v1\/game\/assetsstatistics\/?lang=\"+modStr+\"&file=\"+fileUrl, success: function(result){\n\t\t\t\t\t\t\tif(result['success'] == 1){\n\t\t\t\t\t\t\t window.open(fileUrl, \"_blank\");\n\t\t\t\t\t\t\t}\n\t\t\t\t\t\t  }});\n\t\t\t\t\/\/ Set the file link directly and open it in a new window\n\t\t\t\t\/\/window.open(fileUrl, \"_blank\");\n\t\t\t});\n\t\t});\n\t<\/script>\n    \n<\/div>\n<\/div>\n\n<div class=\"wp-block-columns alignwide is-layout-flex wp-container-core-columns-is-layout-28f84493 wp-block-columns-is-layout-flex\">\n<div class=\"wp-block-column is-layout-flow wp-block-column-is-layout-flow\">\n<hr class=\"wp-block-separator has-alpha-channel-opacity is-style-wide\" style=\"margin-top:0;margin-bottom:0\"\/>\n<\/div>\n<\/div>\n\n<div class=\"wp-block-group alignfull is-content-justification-center is-nowrap is-layout-flex wp-container-core-group-is-layout-23441af8 wp-block-group-is-layout-flex\">\n<p class=\"has-text-align-center\">Alle Materialien unterliegen der Lizenz: Creative Commons Attribution-ShareAlike 4.0 International (CC BY-SA 4.0). <a href=\"https:\/\/creativecommons.org\/licenses\/by-sa\/4.0\/\" data-type=\"link\" data-id=\"https:\/\/creativecommons.org\/licenses\/by-sa\/4.0\/\">Erfahren Sie hier mehr!<\/a><\/p>\n<\/div>\n\n<p class=\"has-text-align-center archive\"><a href=\"\" class=\"file-link\" data-file=\"archive_digital\" data-action=\"getfile\" data-format=\"zip\"><strong>Klicken Sie hier, um alle Materialien herunterzuladen.<\/strong><\/a><\/p>\n\n<div class=\"wp-block-group alignwide has-global-padding is-layout-constrained wp-block-group-is-layout-constrained\">\n<div class=\"wp-block-columns alignwide getpdf has-accent-background-color has-background is-layout-flex wp-container-core-columns-is-layout-28f84493 wp-block-columns-is-layout-flex\" id=\"guideline\">\n<div class=\"wp-block-column is-layout-flow wp-block-column-is-layout-flow\">\n<figure class=\"wp-block-image aligncenter size-full\"><img loading=\"lazy\" decoding=\"async\" width=\"2048\" height=\"1365\" src=\"https:\/\/app.ecciproject.eu\/wp-content\/uploads\/2024\/11\/pexels-pixabay-221012.jpg\" alt=\"\" class=\"wp-image-1697\" srcset=\"https:\/\/app.ecciproject.eu\/wp-content\/uploads\/2024\/11\/pexels-pixabay-221012.jpg 2048w, https:\/\/app.ecciproject.eu\/wp-content\/uploads\/2024\/11\/pexels-pixabay-221012-300x200.jpg 300w, https:\/\/app.ecciproject.eu\/wp-content\/uploads\/2024\/11\/pexels-pixabay-221012-1024x683.jpg 1024w, https:\/\/app.ecciproject.eu\/wp-content\/uploads\/2024\/11\/pexels-pixabay-221012-768x512.jpg 768w, https:\/\/app.ecciproject.eu\/wp-content\/uploads\/2024\/11\/pexels-pixabay-221012-1536x1024.jpg 1536w\" sizes=\"auto, (max-width: 2048px) 100vw, 2048px\" \/><\/figure>\n<\/div>\n\n\n\n<div class=\"wp-block-column is-vertically-aligned-center is-layout-flow wp-block-column-is-layout-flow\">\n<p class=\"ecciphysblock sectitle\" style=\"text-align: left; font-weight: bold;\"><b>Bereiten Sie das Spiel vor<\/b><\/p> \n<ul class=\"ecciphysblock\" style=\"text-align: left; list-style-type: disc; padding-left: 20px;\">\n    <li>Spiel einrichten:\n        <ul style=\"list-style-type: disc; padding-left: 20px;\">\n            <li>Sch\u00fcler*innen: <a href=\"\" class=\"file-link\" data-action=\"getfile\" data-file=\"setup_game_digital_student\" data-format=\"pdf\">pdf<\/a> | <a href=\"\" class=\"file-link\" data-file=\"setup_game_digital_student\" data-action=\"getfile\" data-format=\"docx\">docx<\/a><\/li>\n            <li>Lehrkraft: <a href=\"\" class=\"file-link\" data-action=\"getfile\" data-file=\"setup_game_digital_teacher\" data-format=\"pdf\">pdf<\/a> | <a href=\"\" class=\"file-link\" data-file=\"setup_game_digital_teacher\" data-action=\"getfile\" data-format=\"docx\">docx<\/a><\/li><\/ul><\/li>\n    <li>Material, um den Klimawandel in Ihrem Unterricht einzuf\u00fchren: <a href=\"\" class=\"file-link\" data-file=\"introduce\" data-action=\"getfile\" data-format=\"pdf\">pdf<\/a> | <a href=\"\" class=\"file-link\" data-file=\"introduce\" data-action=\"getfile\" data-format=\"docx\">docx<\/a><\/li>\n<\/ul>\n<\/div>\n<\/div>\n\n\n\n<div class=\"wp-block-columns alignwide has-base-background-color has-background is-layout-flex wp-container-core-columns-is-layout-0a3dcef8 wp-block-columns-is-layout-flex\" style=\"margin-top:var(--wp--preset--spacing--40);margin-bottom:var(--wp--preset--spacing--40);padding-top:var(--wp--preset--spacing--20);padding-right:var(--wp--preset--spacing--20);padding-bottom:var(--wp--preset--spacing--20);padding-left:var(--wp--preset--spacing--20)\">\n<div class=\"wp-block-column is-vertically-aligned-center is-layout-flow wp-block-column-is-layout-flow\" style=\"flex-basis:100%\">\n<p class=\"ecciphysblock sectitle\" style=\"text-align: left; font-weight: bold;\"><b>Spielen<\/b><\/p>\n\n\n\n<p class=\"has-text-align-center has-large-font-size\"><a href=\"https:\/\/game.ecciproject.eu\/login\" data-type=\"link\" data-id=\"https:\/\/game.ecciproject.eu\/login\">Spielt das Spiel!<\/a><\/p>\n\n\n\n<div class=\"wp-block-columns are-vertically-aligned-center is-layout-flex wp-container-core-columns-is-layout-9f8619b0 wp-block-columns-is-layout-flex\" style=\"padding-top:var(--wp--preset--spacing--10);padding-bottom:var(--wp--preset--spacing--10)\">\n<div class=\"wp-block-column is-vertically-aligned-center is-layout-flow wp-block-column-is-layout-flow\" style=\"flex-basis:100%\">\n<figure data-wp-context=\"{&quot;imageId&quot;:&quot;69e60204f150c&quot;}\" data-wp-interactive=\"core\/image\" data-wp-key=\"69e60204f150c\" class=\"wp-block-image aligncenter size-large wp-lightbox-container\"><img loading=\"lazy\" decoding=\"async\" width=\"1024\" height=\"640\" data-wp-class--hide=\"state.isContentHidden\" data-wp-class--show=\"state.isContentVisible\" data-wp-init=\"callbacks.setButtonStyles\" data-wp-on--click=\"actions.showLightbox\" data-wp-on--load=\"callbacks.setButtonStyles\" data-wp-on-window--resize=\"callbacks.setButtonStyles\" src=\"https:\/\/app.ecciproject.eu\/wp-content\/uploads\/2024\/07\/dig_1-1024x640.png\" alt=\"\" class=\"wp-image-870\" style=\"aspect-ratio:4\/3;object-fit:cover\" srcset=\"https:\/\/app.ecciproject.eu\/wp-content\/uploads\/2024\/07\/dig_1-1024x640.png 1024w, https:\/\/app.ecciproject.eu\/wp-content\/uploads\/2024\/07\/dig_1-300x188.png 300w, https:\/\/app.ecciproject.eu\/wp-content\/uploads\/2024\/07\/dig_1-768x480.png 768w, https:\/\/app.ecciproject.eu\/wp-content\/uploads\/2024\/07\/dig_1-1536x960.png 1536w, https:\/\/app.ecciproject.eu\/wp-content\/uploads\/2024\/07\/dig_1-2048x1280.png 2048w\" sizes=\"auto, (max-width: 1024px) 100vw, 1024px\" \/><button\n\t\t\tclass=\"lightbox-trigger\"\n\t\t\ttype=\"button\"\n\t\t\taria-haspopup=\"dialog\"\n\t\t\taria-label=\"Vergr\u00f6\u00dfern\"\n\t\t\tdata-wp-init=\"callbacks.initTriggerButton\"\n\t\t\tdata-wp-on--click=\"actions.showLightbox\"\n\t\t\tdata-wp-style--right=\"state.imageButtonRight\"\n\t\t\tdata-wp-style--top=\"state.imageButtonTop\"\n\t\t>\n\t\t\t<svg xmlns=\"http:\/\/www.w3.org\/2000\/svg\" width=\"12\" height=\"12\" fill=\"none\" viewBox=\"0 0 12 12\">\n\t\t\t\t<path fill=\"#fff\" d=\"M2 0a2 2 0 0 0-2 2v2h1.5V2a.5.5 0 0 1 .5-.5h2V0H2Zm2 10.5H2a.5.5 0 0 1-.5-.5V8H0v2a2 2 0 0 0 2 2h2v-1.5ZM8 12v-1.5h2a.5.5 0 0 0 .5-.5V8H12v2a2 2 0 0 1-2 2H8Zm2-12a2 2 0 0 1 2 2v2h-1.5V2a.5.5 0 0 0-.5-.5H8V0h2Z\" \/>\n\t\t\t<\/svg>\n\t\t<\/button><\/figure>\n<\/div>\n\n\n\n<div class=\"wp-block-column is-vertically-aligned-center is-layout-flow wp-block-column-is-layout-flow\" style=\"flex-basis:100%\">\n<figure data-wp-context=\"{&quot;imageId&quot;:&quot;69e60204f211c&quot;}\" data-wp-interactive=\"core\/image\" data-wp-key=\"69e60204f211c\" class=\"wp-block-image aligncenter size-large wp-lightbox-container\"><img loading=\"lazy\" decoding=\"async\" width=\"1024\" height=\"640\" data-wp-class--hide=\"state.isContentHidden\" data-wp-class--show=\"state.isContentVisible\" data-wp-init=\"callbacks.setButtonStyles\" data-wp-on--click=\"actions.showLightbox\" data-wp-on--load=\"callbacks.setButtonStyles\" data-wp-on-window--resize=\"callbacks.setButtonStyles\" src=\"https:\/\/app.ecciproject.eu\/wp-content\/uploads\/2024\/07\/dig_2-1024x640.png\" alt=\"\" class=\"wp-image-875\" style=\"aspect-ratio:4\/3;object-fit:cover\" srcset=\"https:\/\/app.ecciproject.eu\/wp-content\/uploads\/2024\/07\/dig_2-1024x640.png 1024w, https:\/\/app.ecciproject.eu\/wp-content\/uploads\/2024\/07\/dig_2-300x188.png 300w, https:\/\/app.ecciproject.eu\/wp-content\/uploads\/2024\/07\/dig_2-768x480.png 768w, https:\/\/app.ecciproject.eu\/wp-content\/uploads\/2024\/07\/dig_2-1536x960.png 1536w, https:\/\/app.ecciproject.eu\/wp-content\/uploads\/2024\/07\/dig_2-2048x1280.png 2048w\" sizes=\"auto, (max-width: 1024px) 100vw, 1024px\" \/><button\n\t\t\tclass=\"lightbox-trigger\"\n\t\t\ttype=\"button\"\n\t\t\taria-haspopup=\"dialog\"\n\t\t\taria-label=\"Vergr\u00f6\u00dfern\"\n\t\t\tdata-wp-init=\"callbacks.initTriggerButton\"\n\t\t\tdata-wp-on--click=\"actions.showLightbox\"\n\t\t\tdata-wp-style--right=\"state.imageButtonRight\"\n\t\t\tdata-wp-style--top=\"state.imageButtonTop\"\n\t\t>\n\t\t\t<svg xmlns=\"http:\/\/www.w3.org\/2000\/svg\" width=\"12\" height=\"12\" fill=\"none\" viewBox=\"0 0 12 12\">\n\t\t\t\t<path fill=\"#fff\" d=\"M2 0a2 2 0 0 0-2 2v2h1.5V2a.5.5 0 0 1 .5-.5h2V0H2Zm2 10.5H2a.5.5 0 0 1-.5-.5V8H0v2a2 2 0 0 0 2 2h2v-1.5ZM8 12v-1.5h2a.5.5 0 0 0 .5-.5V8H12v2a2 2 0 0 1-2 2H8Zm2-12a2 2 0 0 1 2 2v2h-1.5V2a.5.5 0 0 0-.5-.5H8V0h2Z\" \/>\n\t\t\t<\/svg>\n\t\t<\/button><\/figure>\n<\/div>\n\n\n\n<div class=\"wp-block-column is-vertically-aligned-center is-layout-flow wp-block-column-is-layout-flow\" style=\"flex-basis:100%\">\n<figure data-wp-context=\"{&quot;imageId&quot;:&quot;69e60204f2ca8&quot;}\" data-wp-interactive=\"core\/image\" data-wp-key=\"69e60204f2ca8\" class=\"wp-block-image aligncenter size-large wp-lightbox-container\"><img loading=\"lazy\" decoding=\"async\" width=\"1024\" height=\"640\" data-wp-class--hide=\"state.isContentHidden\" data-wp-class--show=\"state.isContentVisible\" data-wp-init=\"callbacks.setButtonStyles\" data-wp-on--click=\"actions.showLightbox\" data-wp-on--load=\"callbacks.setButtonStyles\" data-wp-on-window--resize=\"callbacks.setButtonStyles\" src=\"https:\/\/app.ecciproject.eu\/wp-content\/uploads\/2024\/07\/dig_3.png-1024x640.png\" alt=\"\" class=\"wp-image-880\" style=\"aspect-ratio:4\/3;object-fit:cover\" srcset=\"https:\/\/app.ecciproject.eu\/wp-content\/uploads\/2024\/07\/dig_3.png-1024x640.png 1024w, https:\/\/app.ecciproject.eu\/wp-content\/uploads\/2024\/07\/dig_3.png-300x188.png 300w, https:\/\/app.ecciproject.eu\/wp-content\/uploads\/2024\/07\/dig_3.png-768x480.png 768w, https:\/\/app.ecciproject.eu\/wp-content\/uploads\/2024\/07\/dig_3.png-1536x960.png 1536w, https:\/\/app.ecciproject.eu\/wp-content\/uploads\/2024\/07\/dig_3.png-2048x1280.png 2048w\" sizes=\"auto, (max-width: 1024px) 100vw, 1024px\" \/><button\n\t\t\tclass=\"lightbox-trigger\"\n\t\t\ttype=\"button\"\n\t\t\taria-haspopup=\"dialog\"\n\t\t\taria-label=\"Vergr\u00f6\u00dfern\"\n\t\t\tdata-wp-init=\"callbacks.initTriggerButton\"\n\t\t\tdata-wp-on--click=\"actions.showLightbox\"\n\t\t\tdata-wp-style--right=\"state.imageButtonRight\"\n\t\t\tdata-wp-style--top=\"state.imageButtonTop\"\n\t\t>\n\t\t\t<svg xmlns=\"http:\/\/www.w3.org\/2000\/svg\" width=\"12\" height=\"12\" fill=\"none\" viewBox=\"0 0 12 12\">\n\t\t\t\t<path fill=\"#fff\" d=\"M2 0a2 2 0 0 0-2 2v2h1.5V2a.5.5 0 0 1 .5-.5h2V0H2Zm2 10.5H2a.5.5 0 0 1-.5-.5V8H0v2a2 2 0 0 0 2 2h2v-1.5ZM8 12v-1.5h2a.5.5 0 0 0 .5-.5V8H12v2a2 2 0 0 1-2 2H8Zm2-12a2 2 0 0 1 2 2v2h-1.5V2a.5.5 0 0 0-.5-.5H8V0h2Z\" \/>\n\t\t\t<\/svg>\n\t\t<\/button><\/figure>\n<\/div>\n<\/div>\n<\/div>\n<\/div>\n\n\n\n<div class=\"wp-block-columns alignwide getpdf has-accent-background-color has-background is-layout-flex wp-container-core-columns-is-layout-28f84493 wp-block-columns-is-layout-flex\" id=\"game\">\n<div class=\"wp-block-column is-vertically-aligned-center is-layout-flow wp-block-column-is-layout-flow\">\n<p class=\"ecciphysblock sectitle\" style=\"text-align: left; font-weight: bold;\"><em>Reflektieren und Handeln<\/em><\/p>\n<ul class=\"ecciphysblock\" style=\"text-align: left; list-style-type: disc; padding-left: 20px;\">\n    <li>Reflektieren Sie das Spiel mit Ihren Sch\u00fcler*innen: <a href=\"\" class=\"file-link\" data-file=\"Debriefing_digital\" data-action=\"getfile\" data-format=\"pdf\">pdf<\/a> | <a href=\"\" class=\"file-link\" data-file=\"Debriefing_digital\" data-action=\"getfile\" data-format=\"docx\">docx<\/a><\/li>\n    <li>Fordern Sie Ihre Sch\u00fcler*innen auf, aktiv zu werden: <a href=\"\" class=\"file-link\" data-file=\"take_action\" data-action=\"getfile\" data-format=\"pdf\">pdf<\/a> | <a href=\"\" class=\"file-link\" data-file=\"take_action\" data-action=\"getfile\" data-format=\"docx\">docx<\/a><\/li>\n<\/ul>\n<\/div>\n\n\n\n<div class=\"wp-block-column is-layout-flow wp-block-column-is-layout-flow\">\n<figure class=\"wp-block-image aligncenter size-full\"><img loading=\"lazy\" decoding=\"async\" width=\"2560\" height=\"1707\" src=\"https:\/\/app.ecciproject.eu\/wp-content\/uploads\/2024\/11\/pexels-markusspiske-2990610-scaled.jpg\" alt=\"\" class=\"wp-image-1702\" style=\"object-fit:cover\" srcset=\"https:\/\/app.ecciproject.eu\/wp-content\/uploads\/2024\/11\/pexels-markusspiske-2990610-scaled.jpg 2560w, https:\/\/app.ecciproject.eu\/wp-content\/uploads\/2024\/11\/pexels-markusspiske-2990610-300x200.jpg 300w, https:\/\/app.ecciproject.eu\/wp-content\/uploads\/2024\/11\/pexels-markusspiske-2990610-1024x683.jpg 1024w, https:\/\/app.ecciproject.eu\/wp-content\/uploads\/2024\/11\/pexels-markusspiske-2990610-768x512.jpg 768w, https:\/\/app.ecciproject.eu\/wp-content\/uploads\/2024\/11\/pexels-markusspiske-2990610-1536x1024.jpg 1536w, https:\/\/app.ecciproject.eu\/wp-content\/uploads\/2024\/11\/pexels-markusspiske-2990610-2048x1365.jpg 2048w\" sizes=\"auto, (max-width: 2560px) 100vw, 2560px\" \/><\/figure>\n<\/div>\n<\/div>\n<\/div>\n","protected":false},"excerpt":{"rendered":"<p>Die Stadt leidet unter den Folgen des Klimawandels, doch der B\u00fcrgermeister hat einen mutigen Plan. Mit dem \u201eJugendstadtrat\u201c sollen junge Stimmen nachhaltige L\u00f6sungen entwickeln, um die steigenden Temperaturen zu bek\u00e4mpfen. Tauche ein in Climate Wardens, eine spannende Web-App f\u00fcr Einzelspieler, in der du wachsende Herausforderungen durch Mini-Spiele und R\u00e4tsel meisterst. Eine fesselnde Geschichte begleitet dich [&hellip;]<\/p>\n","protected":false},"author":1,"featured_media":0,"parent":0,"menu_order":0,"comment_status":"closed","ping_status":"closed","template":"","meta":{"footnotes":""},"class_list":["post-2019","page","type-page","status-publish","hentry"],"acf":[],"_links":{"self":[{"href":"https:\/\/app.ecciproject.eu\/de\/wp-json\/wp\/v2\/pages\/2019","targetHints":{"allow":["GET"]}}],"collection":[{"href":"https:\/\/app.ecciproject.eu\/de\/wp-json\/wp\/v2\/pages"}],"about":[{"href":"https:\/\/app.ecciproject.eu\/de\/wp-json\/wp\/v2\/types\/page"}],"author":[{"embeddable":true,"href":"https:\/\/app.ecciproject.eu\/de\/wp-json\/wp\/v2\/users\/1"}],"replies":[{"embeddable":true,"href":"https:\/\/app.ecciproject.eu\/de\/wp-json\/wp\/v2\/comments?post=2019"}],"version-history":[{"count":9,"href":"https:\/\/app.ecciproject.eu\/de\/wp-json\/wp\/v2\/pages\/2019\/revisions"}],"predecessor-version":[{"id":3445,"href":"https:\/\/app.ecciproject.eu\/de\/wp-json\/wp\/v2\/pages\/2019\/revisions\/3445"}],"wp:attachment":[{"href":"https:\/\/app.ecciproject.eu\/de\/wp-json\/wp\/v2\/media?parent=2019"}],"curies":[{"name":"wp","href":"https:\/\/api.w.org\/{rel}","templated":true}]}}